{"id":7311,"date":"2023-03-28T16:59:50","date_gmt":"2023-03-28T14:59:50","guid":{"rendered":"https:\/\/www.hotelmouillage.fr\/?page_id=7311"},"modified":"2023-04-18T15:38:28","modified_gmt":"2023-04-18T13:38:28","slug":"touristische-aktivitaten-aktivitaten-saint-tropez","status":"publish","type":"page","link":"https:\/\/www.hotelmouillage.fr\/de\/saint-tropez-sejour-saint-tropez\/activites-touristiques-activites-saint-tropez\/","title":{"rendered":"Touristische Aktivit\u00e4ten"},"content":{"rendered":"<div data-elementor-type=\"wp-page\" data-elementor-id=\"7311\" class=\"elementor elementor-7311\" data-elementor-post-type=\"page\">\n\t\t\t\t\t\t<section class=\"elementor-section elementor-top-section elementor-element elementor-element-d6c7843 elementor-section-full_width elementor-section-height-min-height elementor-section-height-default elementor-section-items-middle\" data-id=\"d6c7843\" data-element_type=\"section\" data-e-type=\"section\" data-settings=\"{&quot;background_background&quot;:&quot;classic&quot;}\">\n\t\t\t\t\t\t\t<div class=\"elementor-background-overlay\"><\/div>\n\t\t\t\t\t\t\t<div class=\"elementor-container elementor-column-gap-default\">\n\t\t\t\t\t<div class=\"elementor-column elementor-col-100 elementor-top-column elementor-element elementor-element-88bef6c\" data-id=\"88bef6c\" data-element_type=\"column\" data-e-type=\"column\">\n\t\t\t<div class=\"elementor-widget-wrap elementor-element-populated\">\n\t\t\t\t\t\t<div class=\"elementor-element elementor-element-93b02fd elementor-widget elementor-widget-heading\" data-id=\"93b02fd\" data-element_type=\"widget\" data-e-type=\"widget\" data-widget_type=\"heading.default\">\n\t\t\t\t<div class=\"elementor-widget-container\">\n\t\t\t\t\t<h1 class=\"elementor-heading-title elementor-size-default\">Aktivit\u00e4ten Saint-Tropez<\/h1>\t\t\t\t<\/div>\n\t\t\t\t<\/div>\n\t\t\t\t\t<\/div>\n\t\t<\/div>\n\t\t\t\t\t<\/div>\n\t\t<\/section>\n\t\t\t\t<section class=\"elementor-section elementor-top-section elementor-element elementor-element-99f5059 elementor-section-boxed elementor-section-height-default elementor-section-height-default\" data-id=\"99f5059\" data-element_type=\"section\" data-e-type=\"section\" data-settings=\"{&quot;background_background&quot;:&quot;classic&quot;}\">\n\t\t\t\t\t\t\t<div class=\"elementor-background-overlay\"><\/div>\n\t\t\t\t\t\t\t<div class=\"elementor-container elementor-column-gap-default\">\n\t\t\t\t\t<div class=\"elementor-column elementor-col-50 elementor-top-column elementor-element elementor-element-caa8998\" data-id=\"caa8998\" data-element_type=\"column\" data-e-type=\"column\">\n\t\t\t<div class=\"elementor-widget-wrap elementor-element-populated\">\n\t\t\t\t\t\t<div class=\"elementor-element elementor-element-84b99a5 elementor-widget elementor-widget-heading\" data-id=\"84b99a5\" data-element_type=\"widget\" data-e-type=\"widget\" data-widget_type=\"heading.default\">\n\t\t\t\t<div class=\"elementor-widget-container\">\n\t\t\t\t\t<h2 class=\"elementor-heading-title elementor-size-default\">Treffpunkt im Hotel Le Mouillage<\/h2>\t\t\t\t<\/div>\n\t\t\t\t<\/div>\n\t\t\t\t<div class=\"elementor-element elementor-element-f0c852e elementor-widget elementor-widget-text-editor\" data-id=\"f0c852e\" data-element_type=\"widget\" data-e-type=\"widget\" data-widget_type=\"text-editor.default\">\n\t\t\t\t<div class=\"elementor-widget-container\">\n\t\t\t\t\t\t\t\t\t<p>St. Tropez ist international als beliebter Urlaubsort f\u00fcr den Jetset bekannt und lockt auch mit zahlreichen Sehensw\u00fcrdigkeiten. Der ber\u00fchmte Vieux Port, der weniger als 10 Gehminuten vom Hotel entfernt liegt, erinnert daran, dass die Stadt jahrhundertelang ein Dorf der Seefahrer war, von denen einige die vielen Meere der Welt durchkreuzten. Heute beherbergt er zusammen mit dem Jachthafen wundersch\u00f6ne Luxusjachten, die sich in ihrer Sch\u00f6nheit gegenseitig \u00fcberbieten. Nach einem Spaziergang entlang der Uferpromenade, wo Sie den Fischmarkt, die Statue des Bailli de Suffren und die Annonciade entdecken k\u00f6nnen, begeben Sie sich in die kleinen Gassen, die vom Vieux Port abzweigen, um die anderen Juwelen des Badeortes zu genie\u00dfen.<\/p>\t\t\t\t\t\t\t\t<\/div>\n\t\t\t\t<\/div>\n\t\t\t\t\t<\/div>\n\t\t<\/div>\n\t\t\t\t<div class=\"elementor-column elementor-col-50 elementor-top-column elementor-element elementor-element-0e33b50\" data-id=\"0e33b50\" data-element_type=\"column\" data-e-type=\"column\">\n\t\t\t<div class=\"elementor-widget-wrap elementor-element-populated\">\n\t\t\t\t\t\t<div class=\"elementor-element elementor-element-eb64b02 elementor-widget elementor-widget-image\" data-id=\"eb64b02\" data-element_type=\"widget\" data-e-type=\"widget\" data-widget_type=\"image.default\">\n\t\t\t\t<div class=\"elementor-widget-container\">\n\t\t\t\t\t\t\t\t\t\t\t\t\t\t\t<img fetchpriority=\"high\" decoding=\"async\" width=\"1710\" height=\"2560\" src=\"https:\/\/www.hotelmouillage.fr\/wp-content\/uploads\/2023\/04\/L1002308-scaled.jpg\" class=\"attachment-full size-full wp-image-8091\" alt=\"Foto - Palme St Tropez - Aktivit\u00e4ten saint tropez\" srcset=\"https:\/\/www.hotelmouillage.fr\/wp-content\/uploads\/2023\/04\/L1002308-scaled.jpg 1710w, https:\/\/www.hotelmouillage.fr\/wp-content\/uploads\/2023\/04\/L1002308-200x300.jpg 200w, https:\/\/www.hotelmouillage.fr\/wp-content\/uploads\/2023\/04\/L1002308-684x1024.jpg 684w, https:\/\/www.hotelmouillage.fr\/wp-content\/uploads\/2023\/04\/L1002308-768x1150.jpg 768w, https:\/\/www.hotelmouillage.fr\/wp-content\/uploads\/2023\/04\/L1002308-1026x1536.jpg 1026w, https:\/\/www.hotelmouillage.fr\/wp-content\/uploads\/2023\/04\/L1002308-1368x2048.jpg 1368w, https:\/\/www.hotelmouillage.fr\/wp-content\/uploads\/2023\/04\/L1002308-8x12.jpg 8w\" sizes=\"(max-width: 1710px) 100vw, 1710px\" title=\"Foto -\">\t\t\t\t\t\t\t\t\t\t\t\t\t\t\t<\/div>\n\t\t\t\t<\/div>\n\t\t\t\t\t<\/div>\n\t\t<\/div>\n\t\t\t\t\t<\/div>\n\t\t<\/section>\n\t\t\t\t<section class=\"elementor-section elementor-top-section elementor-element elementor-element-a644436 elementor-section-full_width elementor-section-height-default elementor-section-height-default\" data-id=\"a644436\" data-element_type=\"section\" data-e-type=\"section\">\n\t\t\t\t\t\t<div class=\"elementor-container elementor-column-gap-default\">\n\t\t\t\t\t<div class=\"elementor-column elementor-col-100 elementor-top-column elementor-element elementor-element-f3e776b\" data-id=\"f3e776b\" data-element_type=\"column\" data-e-type=\"column\">\n\t\t\t<div class=\"elementor-widget-wrap elementor-element-populated\">\n\t\t\t\t\t\t<section class=\"elementor-section elementor-inner-section elementor-element elementor-element-c8d6fd3 elementor-section-full_width elementor-reverse-tablet elementor-reverse-mobile elementor-section-height-default elementor-section-height-default\" data-id=\"c8d6fd3\" data-element_type=\"section\" data-e-type=\"section\">\n\t\t\t\t\t\t<div class=\"elementor-container elementor-column-gap-default\">\n\t\t\t\t\t<div class=\"elementor-column elementor-col-50 elementor-inner-column elementor-element elementor-element-fe80958\" data-id=\"fe80958\" data-element_type=\"column\" data-e-type=\"column\">\n\t\t\t<div class=\"elementor-widget-wrap elementor-element-populated\">\n\t\t\t\t\t\t<div class=\"elementor-element elementor-element-cf0869f elementor-widget elementor-widget-image\" data-id=\"cf0869f\" data-element_type=\"widget\" data-e-type=\"widget\" data-widget_type=\"image.default\">\n\t\t\t\t<div class=\"elementor-widget-container\">\n\t\t\t\t\t\t\t\t\t\t\t\t\t\t\t<img decoding=\"async\" width=\"1710\" height=\"2560\" src=\"https:\/\/www.hotelmouillage.fr\/wp-content\/uploads\/2023\/04\/L1002405-scaled.jpg\" class=\"attachment-full size-full wp-image-8095\" alt=\"Foto - Kirche Saint-Jacques-le-Majeur in Nizza - t\u00e4tigkeiten saint tropez\" srcset=\"https:\/\/www.hotelmouillage.fr\/wp-content\/uploads\/2023\/04\/L1002405-scaled.jpg 1710w, https:\/\/www.hotelmouillage.fr\/wp-content\/uploads\/2023\/04\/L1002405-200x300.jpg 200w, https:\/\/www.hotelmouillage.fr\/wp-content\/uploads\/2023\/04\/L1002405-684x1024.jpg 684w, https:\/\/www.hotelmouillage.fr\/wp-content\/uploads\/2023\/04\/L1002405-768x1150.jpg 768w, https:\/\/www.hotelmouillage.fr\/wp-content\/uploads\/2023\/04\/L1002405-1026x1536.jpg 1026w, https:\/\/www.hotelmouillage.fr\/wp-content\/uploads\/2023\/04\/L1002405-1368x2048.jpg 1368w, https:\/\/www.hotelmouillage.fr\/wp-content\/uploads\/2023\/04\/L1002405-8x12.jpg 8w\" sizes=\"(max-width: 1710px) 100vw, 1710px\" title=\"Foto -\">\t\t\t\t\t\t\t\t\t\t\t\t\t\t\t<\/div>\n\t\t\t\t<\/div>\n\t\t\t\t\t<\/div>\n\t\t<\/div>\n\t\t\t\t<div class=\"elementor-column elementor-col-50 elementor-inner-column elementor-element elementor-element-dc3893d\" data-id=\"dc3893d\" data-element_type=\"column\" data-e-type=\"column\">\n\t\t\t<div class=\"elementor-widget-wrap elementor-element-populated\">\n\t\t\t\t\t\t<div class=\"elementor-element elementor-element-b9e5ad5 elementor-widget elementor-widget-heading\" data-id=\"b9e5ad5\" data-element_type=\"widget\" data-e-type=\"widget\" data-widget_type=\"heading.default\">\n\t\t\t\t<div class=\"elementor-widget-container\">\n\t\t\t\t\t<h2 class=\"elementor-heading-title elementor-size-default\">Saint-Tropez, ein unbestreitbarer Charme<\/h2>\t\t\t\t<\/div>\n\t\t\t\t<\/div>\n\t\t\t\t<div class=\"elementor-element elementor-element-3255694 elementor-widget elementor-widget-text-editor\" data-id=\"3255694\" data-element_type=\"widget\" data-e-type=\"widget\" data-widget_type=\"text-editor.default\">\n\t\t\t\t<div class=\"elementor-widget-container\">\n\t\t\t\t\t\t\t\t\t<p>Durchstreifen Sie die h\u00fcbschen Stra\u00dfen Cepoun Sanmartin, Mis\u00e9ricorde und Remparts, schlendern Sie \u00fcber den Place aux Herbes, den Place de l'Ormeau, den Place des Lices oder den Place de la Mairie, auf dem sich die ehemalige Hydrographieschule befindet, und lassen Sie sich von den h\u00fcbschen H\u00e4usern mit ihren bunten Fassaden verzaubern. Genie\u00dfen Sie die jahrhundertealten Festungsanlagen, von denen die \u00e4ltesten aus dem fr\u00fchen 16. Jahrhundert stammen: der Tour Vieille, die Porte du Revelen, der Tour Jarlier und die Zitadelle. Besuchen Sie anschlie\u00dfend die zahlreichen Museen von Saint-Tropez: das Museum der Seefahrtsgeschichte, das Museum der Annonciade, das Museum der Gendarmerie und des Kinos oder das Maison des Papillons, das eine Sammlung von \u00fcber 35.000 Exemplaren besitzt. In Saint-Tropez bieten sich Ihnen zahlreiche Aktivit\u00e4ten wie die oben genannten und noch viele mehr.<\/p>\t\t\t\t\t\t\t\t<\/div>\n\t\t\t\t<\/div>\n\t\t\t\t\t<\/div>\n\t\t<\/div>\n\t\t\t\t\t<\/div>\n\t\t<\/section>\n\t\t\t\t<section class=\"elementor-section elementor-inner-section elementor-element elementor-element-0b23527 elementor-section-height-min-height elementor-section-boxed elementor-section-height-default\" data-id=\"0b23527\" data-element_type=\"section\" data-e-type=\"section\" data-settings=\"{&quot;background_background&quot;:&quot;classic&quot;}\">\n\t\t\t\t\t\t\t<div class=\"elementor-background-overlay\"><\/div>\n\t\t\t\t\t\t\t<div class=\"elementor-container elementor-column-gap-default\">\n\t\t\t\t\t<div class=\"elementor-column elementor-col-100 elementor-inner-column elementor-element elementor-element-73b4ee9\" data-id=\"73b4ee9\" data-element_type=\"column\" data-e-type=\"column\">\n\t\t\t<div class=\"elementor-widget-wrap\">\n\t\t\t\t\t\t\t<\/div>\n\t\t<\/div>\n\t\t\t\t\t<\/div>\n\t\t<\/section>\n\t\t\t\t\t<\/div>\n\t\t<\/div>\n\t\t\t\t\t<\/div>\n\t\t<\/section>\n\t\t\t\t<section class=\"elementor-section elementor-top-section elementor-element elementor-element-4d54fe9 elementor-section-full_width elementor-section-height-default elementor-section-height-default\" data-id=\"4d54fe9\" data-element_type=\"section\" data-e-type=\"section\" data-settings=\"{&quot;background_background&quot;:&quot;classic&quot;}\">\n\t\t\t\t\t\t\t<div class=\"elementor-background-overlay\"><\/div>\n\t\t\t\t\t\t\t<div class=\"elementor-container elementor-column-gap-narrow\">\n\t\t\t\t\t<div class=\"elementor-column elementor-col-100 elementor-top-column elementor-element elementor-element-de54cb7\" data-id=\"de54cb7\" data-element_type=\"column\" data-e-type=\"column\">\n\t\t\t<div class=\"elementor-widget-wrap elementor-element-populated\">\n\t\t\t\t\t\t<section class=\"elementor-section elementor-inner-section elementor-element elementor-element-69a549f elementor-section-full_width elementor-section-height-default elementor-section-height-default\" data-id=\"69a549f\" data-element_type=\"section\" data-e-type=\"section\">\n\t\t\t\t\t\t<div class=\"elementor-container elementor-column-gap-default\">\n\t\t\t\t\t<div class=\"elementor-column elementor-col-33 elementor-inner-column elementor-element elementor-element-b8c9501\" data-id=\"b8c9501\" data-element_type=\"column\" data-e-type=\"column\">\n\t\t\t<div class=\"elementor-widget-wrap\">\n\t\t\t\t\t\t\t<\/div>\n\t\t<\/div>\n\t\t\t\t<div class=\"elementor-column elementor-col-33 elementor-inner-column elementor-element elementor-element-0df615a\" data-id=\"0df615a\" data-element_type=\"column\" data-e-type=\"column\">\n\t\t\t<div class=\"elementor-widget-wrap\">\n\t\t\t\t\t\t\t<\/div>\n\t\t<\/div>\n\t\t\t\t<div class=\"elementor-column elementor-col-33 elementor-inner-column elementor-element elementor-element-a067337\" data-id=\"a067337\" data-element_type=\"column\" data-e-type=\"column\">\n\t\t\t<div class=\"elementor-widget-wrap\">\n\t\t\t\t\t\t\t<\/div>\n\t\t<\/div>\n\t\t\t\t\t<\/div>\n\t\t<\/section>\n\t\t\t\t<div class=\"elementor-element elementor-element-0923c44 elementor-widget elementor-widget-heading\" data-id=\"0923c44\" data-element_type=\"widget\" data-e-type=\"widget\" data-widget_type=\"heading.default\">\n\t\t\t\t<div class=\"elementor-widget-container\">\n\t\t\t\t\t<h2 class=\"elementor-heading-title elementor-size-default\">Siehe auch<\/h2>\t\t\t\t<\/div>\n\t\t\t\t<\/div>\n\t\t\t\t<section class=\"elementor-section elementor-inner-section elementor-element elementor-element-575b2ba elementor-section-boxed elementor-section-height-default elementor-section-height-default\" data-id=\"575b2ba\" data-element_type=\"section\" data-e-type=\"section\">\n\t\t\t\t\t\t<div class=\"elementor-container elementor-column-gap-default\">\n\t\t\t\t\t<div class=\"elementor-column elementor-col-33 elementor-inner-column elementor-element elementor-element-5713d81\" data-id=\"5713d81\" data-element_type=\"column\" data-e-type=\"column\">\n\t\t\t<div class=\"elementor-widget-wrap elementor-element-populated\">\n\t\t\t\t\t\t<div class=\"elementor-element elementor-element-5ddba2b elementor-widget elementor-widget-image\" data-id=\"5ddba2b\" data-element_type=\"widget\" data-e-type=\"widget\" data-widget_type=\"image.default\">\n\t\t\t\t<div class=\"elementor-widget-container\">\n\t\t\t\t\t\t\t\t\t\t\t\t\t\t\t<img decoding=\"async\" width=\"2560\" height=\"1708\" src=\"https:\/\/www.hotelmouillage.fr\/wp-content\/uploads\/2023\/04\/L1000311-scaled.jpg\" class=\"attachment-full size-full wp-image-8080\" alt=\"Foto - Person, die surft - Aufenthalt saint tropez\" srcset=\"https:\/\/www.hotelmouillage.fr\/wp-content\/uploads\/2023\/04\/L1000311-scaled.jpg 2560w, https:\/\/www.hotelmouillage.fr\/wp-content\/uploads\/2023\/04\/L1000311-300x200.jpg 300w, https:\/\/www.hotelmouillage.fr\/wp-content\/uploads\/2023\/04\/L1000311-1024x683.jpg 1024w, https:\/\/www.hotelmouillage.fr\/wp-content\/uploads\/2023\/04\/L1000311-768x513.jpg 768w, https:\/\/www.hotelmouillage.fr\/wp-content\/uploads\/2023\/04\/L1000311-1536x1025.jpg 1536w, https:\/\/www.hotelmouillage.fr\/wp-content\/uploads\/2023\/04\/L1000311-2048x1367.jpg 2048w, https:\/\/www.hotelmouillage.fr\/wp-content\/uploads\/2023\/04\/L1000311-18x12.jpg 18w\" sizes=\"(max-width: 2560px) 100vw, 2560px\" title=\"Foto -\">\t\t\t\t\t\t\t\t\t\t\t\t\t\t\t<\/div>\n\t\t\t\t<\/div>\n\t\t\t\t<div class=\"elementor-element elementor-element-6c8c34c elementor-widget elementor-widget-heading\" data-id=\"6c8c34c\" data-element_type=\"widget\" data-e-type=\"widget\" data-widget_type=\"heading.default\">\n\t\t\t\t<div class=\"elementor-widget-container\">\n\t\t\t\t\t<h3 class=\"elementor-heading-title elementor-size-default\">Wassersportliche Aktivit\u00e4ten<\/h3>\t\t\t\t<\/div>\n\t\t\t\t<\/div>\n\t\t\t\t<div class=\"elementor-element elementor-element-e17de3a elementor-widget elementor-widget-text-editor\" data-id=\"e17de3a\" data-element_type=\"widget\" data-e-type=\"widget\" data-widget_type=\"text-editor.default\">\n\t\t\t\t<div class=\"elementor-widget-container\">\n\t\t\t\t\t\t\t\t\t<p>Zwischen zauberhaften Buchten und langen wei\u00dfen Sandstr\u00e4nden haben Sie die Qual der Wahl f\u00fcr Ihr kleines St\u00fcck vom Paradies<\/p>\t\t\t\t\t\t\t\t<\/div>\n\t\t\t\t<\/div>\n\t\t\t\t<div class=\"elementor-element elementor-element-d03aa0b elementor-widget elementor-widget-button\" data-id=\"d03aa0b\" data-element_type=\"widget\" data-e-type=\"widget\" data-widget_type=\"button.default\">\n\t\t\t\t<div class=\"elementor-widget-container\">\n\t\t\t\t\t\t\t\t\t<div class=\"elementor-button-wrapper\">\n\t\t\t\t\t<a class=\"elementor-button elementor-button-link elementor-size-sm\" href=\"https:\/\/www.hotelmouillage.fr\/de\/saint-tropez-sejour-saint-tropez\/activites-nautiques-hotel-bord-de-mer-saint-tropez\/\">\n\t\t\t\t\t\t<span class=\"elementor-button-content-wrapper\">\n\t\t\t\t\t\t\t\t\t<span class=\"elementor-button-text\">Mehr sehen<\/span>\n\t\t\t\t\t<\/span>\n\t\t\t\t\t<\/a>\n\t\t\t\t<\/div>\n\t\t\t\t\t\t\t\t<\/div>\n\t\t\t\t<\/div>\n\t\t\t\t\t<\/div>\n\t\t<\/div>\n\t\t\t\t<div class=\"elementor-column elementor-col-33 elementor-inner-column elementor-element elementor-element-4895b0f\" data-id=\"4895b0f\" data-element_type=\"column\" data-e-type=\"column\">\n\t\t\t<div class=\"elementor-widget-wrap elementor-element-populated\">\n\t\t\t\t\t\t<div class=\"elementor-element elementor-element-125e731 elementor-widget elementor-widget-image\" data-id=\"125e731\" data-element_type=\"widget\" data-e-type=\"widget\" data-widget_type=\"image.default\">\n\t\t\t\t<div class=\"elementor-widget-container\">\n\t\t\t\t\t\t\t\t\t\t\t\t\t\t\t<img loading=\"lazy\" decoding=\"async\" width=\"2560\" height=\"1710\" src=\"https:\/\/www.hotelmouillage.fr\/wp-content\/uploads\/2023\/04\/L1002465-scaled.jpg\" class=\"attachment-full size-full wp-image-7953\" alt=\"Foto - Saint-Tropez bei Tag\" srcset=\"https:\/\/www.hotelmouillage.fr\/wp-content\/uploads\/2023\/04\/L1002465-scaled.jpg 2560w, https:\/\/www.hotelmouillage.fr\/wp-content\/uploads\/2023\/04\/L1002465-300x200.jpg 300w, https:\/\/www.hotelmouillage.fr\/wp-content\/uploads\/2023\/04\/L1002465-1024x684.jpg 1024w, https:\/\/www.hotelmouillage.fr\/wp-content\/uploads\/2023\/04\/L1002465-768x513.jpg 768w, https:\/\/www.hotelmouillage.fr\/wp-content\/uploads\/2023\/04\/L1002465-1536x1026.jpg 1536w, https:\/\/www.hotelmouillage.fr\/wp-content\/uploads\/2023\/04\/L1002465-2048x1368.jpg 2048w, https:\/\/www.hotelmouillage.fr\/wp-content\/uploads\/2023\/04\/L1002465-18x12.jpg 18w\" sizes=\"(max-width: 2560px) 100vw, 2560px\" title=\"Foto -\">\t\t\t\t\t\t\t\t\t\t\t\t\t\t\t<\/div>\n\t\t\t\t<\/div>\n\t\t\t\t<div class=\"elementor-element elementor-element-ff23c54 elementor-widget elementor-widget-heading\" data-id=\"ff23c54\" data-element_type=\"widget\" data-e-type=\"widget\" data-widget_type=\"heading.default\">\n\t\t\t\t<div class=\"elementor-widget-container\">\n\t\t\t\t\t<h3 class=\"elementor-heading-title elementor-size-default\">Unsere Adressen<\/h3>\t\t\t\t<\/div>\n\t\t\t\t<\/div>\n\t\t\t\t<div class=\"elementor-element elementor-element-5f498b6 elementor-widget elementor-widget-text-editor\" data-id=\"5f498b6\" data-element_type=\"widget\" data-e-type=\"widget\" data-widget_type=\"text-editor.default\">\n\t\t\t\t<div class=\"elementor-widget-container\">\n\t\t\t\t\t\t\t\t\t<p>Entdecken Sie alle unsere Geheimtipps in Saint-Tropez<\/p>\t\t\t\t\t\t\t\t<\/div>\n\t\t\t\t<\/div>\n\t\t\t\t<div class=\"elementor-element elementor-element-87e84c4 elementor-widget elementor-widget-button\" data-id=\"87e84c4\" data-element_type=\"widget\" data-e-type=\"widget\" data-widget_type=\"button.default\">\n\t\t\t\t<div class=\"elementor-widget-container\">\n\t\t\t\t\t\t\t\t\t<div class=\"elementor-button-wrapper\">\n\t\t\t\t\t<a class=\"elementor-button elementor-button-link elementor-size-sm\" href=\"https:\/\/www.hotelmouillage.fr\/de\/nos-adresses-tourisme-saint-tropez\/\">\n\t\t\t\t\t\t<span class=\"elementor-button-content-wrapper\">\n\t\t\t\t\t\t\t\t\t<span class=\"elementor-button-text\">Mehr sehen<\/span>\n\t\t\t\t\t<\/span>\n\t\t\t\t\t<\/a>\n\t\t\t\t<\/div>\n\t\t\t\t\t\t\t\t<\/div>\n\t\t\t\t<\/div>\n\t\t\t\t\t<\/div>\n\t\t<\/div>\n\t\t\t\t<div class=\"elementor-column elementor-col-33 elementor-inner-column elementor-element elementor-element-05882db\" data-id=\"05882db\" data-element_type=\"column\" data-e-type=\"column\">\n\t\t\t<div class=\"elementor-widget-wrap elementor-element-populated\">\n\t\t\t\t\t\t<div class=\"elementor-element elementor-element-ee5700d elementor-widget elementor-widget-image\" data-id=\"ee5700d\" data-element_type=\"widget\" data-e-type=\"widget\" data-widget_type=\"image.default\">\n\t\t\t\t<div class=\"elementor-widget-container\">\n\t\t\t\t\t\t\t\t\t\t\t\t\t\t\t<img loading=\"lazy\" decoding=\"async\" width=\"2560\" height=\"1708\" src=\"https:\/\/www.hotelmouillage.fr\/wp-content\/uploads\/2023\/04\/arriere-mouillage-scaled.jpg\" class=\"attachment-full size-full wp-image-7919\" alt=\"Foto - R\u00fcckansicht des Ankerplatzes\" srcset=\"https:\/\/www.hotelmouillage.fr\/wp-content\/uploads\/2023\/04\/arriere-mouillage-scaled.jpg 2560w, https:\/\/www.hotelmouillage.fr\/wp-content\/uploads\/2023\/04\/arriere-mouillage-300x200.jpg 300w, https:\/\/www.hotelmouillage.fr\/wp-content\/uploads\/2023\/04\/arriere-mouillage-1024x683.jpg 1024w, https:\/\/www.hotelmouillage.fr\/wp-content\/uploads\/2023\/04\/arriere-mouillage-768x513.jpg 768w, https:\/\/www.hotelmouillage.fr\/wp-content\/uploads\/2023\/04\/arriere-mouillage-1536x1025.jpg 1536w, https:\/\/www.hotelmouillage.fr\/wp-content\/uploads\/2023\/04\/arriere-mouillage-2048x1367.jpg 2048w, https:\/\/www.hotelmouillage.fr\/wp-content\/uploads\/2023\/04\/arriere-mouillage-18x12.jpg 18w\" sizes=\"(max-width: 2560px) 100vw, 2560px\" title=\"Foto -\">\t\t\t\t\t\t\t\t\t\t\t\t\t\t\t<\/div>\n\t\t\t\t<\/div>\n\t\t\t\t<div class=\"elementor-element elementor-element-03ecb3d elementor-widget elementor-widget-heading\" data-id=\"03ecb3d\" data-element_type=\"widget\" data-e-type=\"widget\" data-widget_type=\"heading.default\">\n\t\t\t\t<div class=\"elementor-widget-container\">\n\t\t\t\t\t<h3 class=\"elementor-heading-title elementor-size-default\">Fotogalerie<\/h3>\t\t\t\t<\/div>\n\t\t\t\t<\/div>\n\t\t\t\t<div class=\"elementor-element elementor-element-252bed9 elementor-widget elementor-widget-text-editor\" data-id=\"252bed9\" data-element_type=\"widget\" data-e-type=\"widget\" data-widget_type=\"text-editor.default\">\n\t\t\t\t<div class=\"elementor-widget-container\">\n\t\t\t\t\t\t\t\t\t<div class=\"elementor-element elementor-element-54a09a9 elementor-widget elementor-widget-text-editor\" data-id=\"54a09a9\" data-element_type=\"widget\" data-widget_type=\"text-editor.default\"><div class=\"elementor-widget-container\"><div class=\"elementor-text-editor elementor-clearfix\"><p>Alle Fotos von unserem Hotel und der Umgebung<\/p><\/div><\/div><\/div><div class=\"elementor-element elementor-element-583a126 elementor-widget elementor-widget-button\" data-id=\"583a126\" data-element_type=\"widget\" data-widget_type=\"button.default\"><div class=\"elementor-widget-container\"><div class=\"elementor-button-wrapper\">\u00a0<\/div><\/div><\/div>\t\t\t\t\t\t\t\t<\/div>\n\t\t\t\t<\/div>\n\t\t\t\t<div class=\"elementor-element elementor-element-8e54395 elementor-widget elementor-widget-button\" data-id=\"8e54395\" data-element_type=\"widget\" data-e-type=\"widget\" data-widget_type=\"button.default\">\n\t\t\t\t<div class=\"elementor-widget-container\">\n\t\t\t\t\t\t\t\t\t<div class=\"elementor-button-wrapper\">\n\t\t\t\t\t<a class=\"elementor-button elementor-button-link elementor-size-sm\" href=\"https:\/\/www.hotelmouillage.fr\/de\/galerie-photos\/\">\n\t\t\t\t\t\t<span class=\"elementor-button-content-wrapper\">\n\t\t\t\t\t\t\t\t\t<span class=\"elementor-button-text\">Mehr sehen<\/span>\n\t\t\t\t\t<\/span>\n\t\t\t\t\t<\/a>\n\t\t\t\t<\/div>\n\t\t\t\t\t\t\t\t<\/div>\n\t\t\t\t<\/div>\n\t\t\t\t\t<\/div>\n\t\t<\/div>\n\t\t\t\t\t<\/div>\n\t\t<\/section>\n\t\t\t\t\t<\/div>\n\t\t<\/div>\n\t\t\t\t\t<\/div>\n\t\t<\/section>\n\t\t\t\t<\/div>","protected":false},"excerpt":{"rendered":"<p>Activit\u00e9s Saint-Tropez Rendez-vous \u00e0 l&rsquo;H\u00f4tel Le Mouillage Internationalement connu comme le lieu de vill\u00e9giature privil\u00e9gi\u00e9 de la Jet Set, St Tropez attire aussi pour ses nombreux sites touristiques. \u00c0 moins de 10 minutes \u00e0 pied de l\u2019h\u00f4tel, le c\u00e9l\u00e8bre Vieux Port rappelle que la cit\u00e9 fut pendant des si\u00e8cles un village de marins qui sillonn\u00e8rent, [&hellip;]<\/p>\n","protected":false},"author":2,"featured_media":2493,"parent":368,"menu_order":0,"comment_status":"closed","ping_status":"closed","template":"","meta":{"_acf_changed":false,"inline_featured_image":false,"footnotes":""},"class_list":["post-7311","page","type-page","status-publish","has-post-thumbnail","hentry"],"acf":[],"_links":{"self":[{"href":"https:\/\/www.hotelmouillage.fr\/de\/wp-json\/wp\/v2\/pages\/7311","targetHints":{"allow":["GET"]}}],"collection":[{"href":"https:\/\/www.hotelmouillage.fr\/de\/wp-json\/wp\/v2\/pages"}],"about":[{"href":"https:\/\/www.hotelmouillage.fr\/de\/wp-json\/wp\/v2\/types\/page"}],"author":[{"embeddable":true,"href":"https:\/\/www.hotelmouillage.fr\/de\/wp-json\/wp\/v2\/users\/2"}],"replies":[{"embeddable":true,"href":"https:\/\/www.hotelmouillage.fr\/de\/wp-json\/wp\/v2\/comments?post=7311"}],"version-history":[{"count":48,"href":"https:\/\/www.hotelmouillage.fr\/de\/wp-json\/wp\/v2\/pages\/7311\/revisions"}],"predecessor-version":[{"id":8596,"href":"https:\/\/www.hotelmouillage.fr\/de\/wp-json\/wp\/v2\/pages\/7311\/revisions\/8596"}],"up":[{"embeddable":true,"href":"https:\/\/www.hotelmouillage.fr\/de\/wp-json\/wp\/v2\/pages\/368"}],"wp:featuredmedia":[{"embeddable":true,"href":"https:\/\/www.hotelmouillage.fr\/de\/wp-json\/wp\/v2\/media\/2493"}],"wp:attachment":[{"href":"https:\/\/www.hotelmouillage.fr\/de\/wp-json\/wp\/v2\/media?parent=7311"}],"curies":[{"name":"wp","href":"https:\/\/api.w.org\/{rel}","templated":true}]}}