{"id":8887,"date":"2023-07-26T14:28:48","date_gmt":"2023-07-26T12:28:48","guid":{"rendered":"https:\/\/www.hotelmouillage.fr\/?page_id=8887"},"modified":"2024-07-16T11:33:05","modified_gmt":"2024-07-16T09:33:05","slug":"aktivitaten-tourismus-aktivitaeten-saint-tropez-2","status":"publish","type":"page","link":"https:\/\/www.hotelmouillage.fr\/de\/saint-tropez-aufenthalt-saint-tropez\/aktivitaten-tourismus-aktivitaeten-saint-tropez-2\/","title":{"rendered":"Hotel Saint-Tropez Meeresufer"},"content":{"rendered":"<div data-elementor-type=\"wp-page\" data-elementor-id=\"8887\" class=\"elementor elementor-8887\" data-elementor-post-type=\"page\">\n\t\t\t\t\t\t<section class=\"elementor-section elementor-top-section elementor-element elementor-element-d6c7843 elementor-section-full_width elementor-section-height-min-height elementor-section-height-default elementor-section-items-middle\" data-id=\"d6c7843\" data-element_type=\"section\" data-settings=\"{&quot;background_background&quot;:&quot;classic&quot;}\">\n\t\t\t\t\t\t\t<div class=\"elementor-background-overlay\"><\/div>\n\t\t\t\t\t\t\t<div class=\"elementor-container elementor-column-gap-default\">\n\t\t\t\t\t<div class=\"elementor-column elementor-col-100 elementor-top-column elementor-element elementor-element-88bef6c\" data-id=\"88bef6c\" data-element_type=\"column\">\n\t\t\t<div class=\"elementor-widget-wrap elementor-element-populated\">\n\t\t\t\t\t\t<div class=\"elementor-element elementor-element-93b02fd elementor-widget elementor-widget-heading\" data-id=\"93b02fd\" data-element_type=\"widget\" data-widget_type=\"heading.default\">\n\t\t\t\t<div class=\"elementor-widget-container\">\n\t\t\t\t\t<h1 class=\"elementor-heading-title elementor-size-default\">Hotel Saint-Tropez Meeresufer\n<\/h1>\t\t\t\t<\/div>\n\t\t\t\t<\/div>\n\t\t\t\t\t<\/div>\n\t\t<\/div>\n\t\t\t\t\t<\/div>\n\t\t<\/section>\n\t\t\t\t<section class=\"elementor-section elementor-top-section elementor-element elementor-element-99f5059 elementor-section-boxed elementor-section-height-default elementor-section-height-default\" data-id=\"99f5059\" data-element_type=\"section\" data-settings=\"{&quot;background_background&quot;:&quot;classic&quot;}\">\n\t\t\t\t\t\t\t<div class=\"elementor-background-overlay\"><\/div>\n\t\t\t\t\t\t\t<div class=\"elementor-container elementor-column-gap-default\">\n\t\t\t\t\t<div class=\"elementor-column elementor-col-50 elementor-top-column elementor-element elementor-element-caa8998\" data-id=\"caa8998\" data-element_type=\"column\">\n\t\t\t<div class=\"elementor-widget-wrap elementor-element-populated\">\n\t\t\t\t\t\t<div class=\"elementor-element elementor-element-84b99a5 elementor-widget elementor-widget-heading\" data-id=\"84b99a5\" data-element_type=\"widget\" data-widget_type=\"heading.default\">\n\t\t\t\t<div class=\"elementor-widget-container\">\n\t\t\t\t\t<h2 class=\"elementor-heading-title elementor-size-default\">Aufenthalt mit den F\u00fc\u00dfen im Wasser im Hotel le Mouillage in Saint-Tropez\n<\/h2>\t\t\t\t<\/div>\n\t\t\t\t<\/div>\n\t\t\t\t<div class=\"elementor-element elementor-element-f0c852e elementor-widget elementor-widget-text-editor\" data-id=\"f0c852e\" data-element_type=\"widget\" data-widget_type=\"text-editor.default\">\n\t\t\t\t<div class=\"elementor-widget-container\">\n\t\t\t\t\t\t\t\t\t<p><span style=\"font-weight: 400;\">Ein Hauch von Provence und Ruhe liegt in Le Mouillage, Ihrem charmanten Hotel in Saint-Tropez, in der Luft. Das Hotel liegt im Herzen des legend\u00e4ren Dorfes und vermittelt auf wunderbare Weise das s\u00fcdfranz\u00f6sische Lebensgef\u00fchl. \u00d6ffnen Sie die T\u00fcren dieses einladenden Ortes, um einen unvergesslichen Urlaub mit den F\u00fc\u00dfen im Wasser zu verbringen. Ja, nur zwei Minuten Fu\u00dfweg trennen Sie vom wundersch\u00f6nen Strand von La Bouillabaisse. Das gro\u00dfe Blau begeistert Jodbadefreunde, w\u00e4hrend der Pool und seine zauberhafte Umgebung die perfekte Atmosph\u00e4re f\u00fcr unvergleichliche Momente der Entspannung schaffen.<\/span><\/p><p><span style=\"font-weight: 400;\">In<a href=\"https:\/\/www.hotelmouillage.fr\/de\/\"> unser Hotel in Saint-Tropez<\/a> am Meer, lassen Sie sich in einer freundlichen und herzlichen Atmosph\u00e4re nieder. F\u00fchlen Sie sich wie zu Hause und genie\u00dfen Sie den gehobenen Service. Die <a href=\"https:\/\/www.hotelmouillage.fr\/de\/zimmer-und-suiten-hotel-4-sterne-saint-tropez\/\">gem\u00fctliche Zimmer<\/a> sind raffiniert eingerichtet und der blumengeschm\u00fcckte Innenhof bietet ruhige Pl\u00e4tze, die dazu einladen, die Zeit zu vergessen.<\/span><\/p>\t\t\t\t\t\t\t\t<\/div>\n\t\t\t\t<\/div>\n\t\t\t\t\t<\/div>\n\t\t<\/div>\n\t\t\t\t<div class=\"elementor-column elementor-col-50 elementor-top-column elementor-element elementor-element-0e33b50\" data-id=\"0e33b50\" data-element_type=\"column\">\n\t\t\t<div class=\"elementor-widget-wrap elementor-element-populated\">\n\t\t\t\t\t\t<div class=\"elementor-element elementor-element-eb64b02 elementor-widget elementor-widget-image\" data-id=\"eb64b02\" data-element_type=\"widget\" data-widget_type=\"image.default\">\n\t\t\t\t<div class=\"elementor-widget-container\">\n\t\t\t\t\t\t\t\t\t\t\t\t\t\t\t<img fetchpriority=\"high\" decoding=\"async\" width=\"1254\" height=\"836\" src=\"https:\/\/www.hotelmouillage.fr\/wp-content\/uploads\/2023\/04\/plage-escalet.jpg\" class=\"attachment-full size-full wp-image-8326\" alt=\"Foto - Plage de l&#039;Escalet in Ramatuelle - Aufenthalt in Saint Tropez\" srcset=\"https:\/\/www.hotelmouillage.fr\/wp-content\/uploads\/2023\/04\/plage-escalet.jpg 1254w, https:\/\/www.hotelmouillage.fr\/wp-content\/uploads\/2023\/04\/plage-escalet-300x200.jpg 300w, https:\/\/www.hotelmouillage.fr\/wp-content\/uploads\/2023\/04\/plage-escalet-1024x683.jpg 1024w, https:\/\/www.hotelmouillage.fr\/wp-content\/uploads\/2023\/04\/plage-escalet-768x512.jpg 768w, https:\/\/www.hotelmouillage.fr\/wp-content\/uploads\/2023\/04\/plage-escalet-18x12.jpg 18w\" sizes=\"(max-width: 1254px) 100vw, 1254px\" title=\"Foto -\">\t\t\t\t\t\t\t\t\t\t\t\t\t\t\t<\/div>\n\t\t\t\t<\/div>\n\t\t\t\t\t<\/div>\n\t\t<\/div>\n\t\t\t\t\t<\/div>\n\t\t<\/section>\n\t\t\t\t<section class=\"elementor-section elementor-top-section elementor-element elementor-element-a644436 elementor-section-full_width elementor-section-height-default elementor-section-height-default\" data-id=\"a644436\" data-element_type=\"section\">\n\t\t\t\t\t\t<div class=\"elementor-container elementor-column-gap-default\">\n\t\t\t\t\t<div class=\"elementor-column elementor-col-100 elementor-top-column elementor-element elementor-element-f3e776b\" data-id=\"f3e776b\" data-element_type=\"column\">\n\t\t\t<div class=\"elementor-widget-wrap elementor-element-populated\">\n\t\t\t\t\t\t<section class=\"elementor-section elementor-inner-section elementor-element elementor-element-c8d6fd3 elementor-section-full_width elementor-reverse-tablet elementor-reverse-mobile elementor-section-height-default elementor-section-height-default\" data-id=\"c8d6fd3\" data-element_type=\"section\">\n\t\t\t\t\t\t<div class=\"elementor-container elementor-column-gap-default\">\n\t\t\t\t\t<div class=\"elementor-column elementor-col-50 elementor-inner-column elementor-element elementor-element-fe80958\" data-id=\"fe80958\" data-element_type=\"column\">\n\t\t\t<div class=\"elementor-widget-wrap elementor-element-populated\">\n\t\t\t\t\t\t<div class=\"elementor-element elementor-element-cf0869f elementor-widget elementor-widget-image\" data-id=\"cf0869f\" data-element_type=\"widget\" data-widget_type=\"image.default\">\n\t\t\t\t<div class=\"elementor-widget-container\">\n\t\t\t\t\t\t\t\t\t\t\t\t\t\t\t<img decoding=\"async\" width=\"2560\" height=\"1708\" src=\"https:\/\/www.hotelmouillage.fr\/wp-content\/uploads\/2022\/11\/L1000307-scaled.jpg\" class=\"attachment-full size-full wp-image-8319\" alt=\"Foto - Strand von Saint-Tropez - Tourismus Saint Tropez\" srcset=\"https:\/\/www.hotelmouillage.fr\/wp-content\/uploads\/2022\/11\/L1000307-scaled.jpg 2560w, https:\/\/www.hotelmouillage.fr\/wp-content\/uploads\/2022\/11\/L1000307-300x200.jpg 300w, https:\/\/www.hotelmouillage.fr\/wp-content\/uploads\/2022\/11\/L1000307-1024x683.jpg 1024w, https:\/\/www.hotelmouillage.fr\/wp-content\/uploads\/2022\/11\/L1000307-768x513.jpg 768w, https:\/\/www.hotelmouillage.fr\/wp-content\/uploads\/2022\/11\/L1000307-1536x1025.jpg 1536w, https:\/\/www.hotelmouillage.fr\/wp-content\/uploads\/2022\/11\/L1000307-2048x1367.jpg 2048w, https:\/\/www.hotelmouillage.fr\/wp-content\/uploads\/2022\/11\/L1000307-18x12.jpg 18w\" sizes=\"(max-width: 2560px) 100vw, 2560px\" title=\"Foto -\">\t\t\t\t\t\t\t\t\t\t\t\t\t\t\t<\/div>\n\t\t\t\t<\/div>\n\t\t\t\t\t<\/div>\n\t\t<\/div>\n\t\t\t\t<div class=\"elementor-column elementor-col-50 elementor-inner-column elementor-element elementor-element-dc3893d\" data-id=\"dc3893d\" data-element_type=\"column\">\n\t\t\t<div class=\"elementor-widget-wrap elementor-element-populated\">\n\t\t\t\t\t\t<div class=\"elementor-element elementor-element-b9e5ad5 elementor-widget elementor-widget-heading\" data-id=\"b9e5ad5\" data-element_type=\"widget\" data-widget_type=\"heading.default\">\n\t\t\t\t<div class=\"elementor-widget-container\">\n\t\t\t\t\t<h2 class=\"elementor-heading-title elementor-size-default\">Glamour\u00f6se Destination, die Sie von unserem Hotel in Saint-Tropez am Meer aus entdecken k\u00f6nnen<\/h2>\t\t\t\t<\/div>\n\t\t\t\t<\/div>\n\t\t\t\t<div class=\"elementor-element elementor-element-3255694 elementor-widget elementor-widget-text-editor\" data-id=\"3255694\" data-element_type=\"widget\" data-widget_type=\"text-editor.default\">\n\t\t\t\t<div class=\"elementor-widget-container\">\n\t\t\t\t\t\t\t\t\t<p><span style=\"font-weight: 400;\">Das Hotel Le Mouillage erinnert mit seinem Namen an die Schiffe, die friedlich im kleinen Hafen warten. Die Segelboote, Trawler und Yachten, die hier ein- und auslaufen, um das Meer zu erobern, bieten ein ebenso vielseitiges wie faszinierendes Schauspiel. Die im Golf von Saint-Tropez eingebettete, unglaublich gut erhaltene authentische Stadt zieht Kultur- und Geschichtsliebhaber in ihren Bann. Durch das Labyrinth der malerischen Gassen im symboltr\u00e4chtigen Viertel La Ponche k\u00f6nnen Sie den ganzen Charakter des ehemaligen Fischerdorfes entdecken. Die H\u00e4user sind in Ocker- und Rosat\u00f6ne geh\u00fcllt und zeichnen das ganze Jahr \u00fcber ein farbenfrohes Bild.\u00a0<\/span><\/p><p><span style=\"font-weight: 400;\">Sie fragen sich, wo Sie in Saint-Tropez einen sch\u00f6nen Sonnenuntergang sehen k\u00f6nnen? Beginnen Sie mit dem Aufstieg zur Zitadelle, wo Sie ein au\u00dfergew\u00f6hnliches Panorama \u00fcber die Bucht von Canebiers bis zum Strand von La Bouillabaisse erwartet. Am Ende des Tages enth\u00fcllt dieser hochgelegene Aussichtspunkt ein Meer aus \u00d6l und Gold und schafft so magische Momente.<\/span><\/p><p><span style=\"font-weight: 400;\">Auf dem lokalen Markt lassen sich die Anh\u00e4nger der provenzalischen Lebenskunst von den D\u00fcften und Geschm\u00e4ckern der Region verf\u00fchren. Was f\u00fcr ein Gl\u00fcck, diese Momente mit der Familie oder mit Freunden zu genie\u00dfen, nur zehn Gehminuten von unserem Hotel entfernt in <a href=\"https:\/\/www.hotelmouillage.fr\/de\/saint-tropez-aufenthalt-saint-tropez\/\">Saint-Tropez<\/a> am Meer!<\/span><\/p>\t\t\t\t\t\t\t\t<\/div>\n\t\t\t\t<\/div>\n\t\t\t\t\t<\/div>\n\t\t<\/div>\n\t\t\t\t\t<\/div>\n\t\t<\/section>\n\t\t\t\t<section class=\"elementor-section elementor-inner-section elementor-element elementor-element-0b23527 elementor-section-height-min-height elementor-section-boxed elementor-section-height-default\" data-id=\"0b23527\" data-element_type=\"section\" data-settings=\"{&quot;background_background&quot;:&quot;classic&quot;}\">\n\t\t\t\t\t\t\t<div class=\"elementor-background-overlay\"><\/div>\n\t\t\t\t\t\t\t<div class=\"elementor-container elementor-column-gap-default\">\n\t\t\t\t\t<div class=\"elementor-column elementor-col-100 elementor-inner-column elementor-element elementor-element-73b4ee9\" data-id=\"73b4ee9\" data-element_type=\"column\">\n\t\t\t<div class=\"elementor-widget-wrap\">\n\t\t\t\t\t\t\t<\/div>\n\t\t<\/div>\n\t\t\t\t\t<\/div>\n\t\t<\/section>\n\t\t\t\t\t<\/div>\n\t\t<\/div>\n\t\t\t\t\t<\/div>\n\t\t<\/section>\n\t\t\t\t<section class=\"elementor-section elementor-top-section elementor-element elementor-element-4d54fe9 elementor-section-full_width elementor-section-height-default elementor-section-height-default\" data-id=\"4d54fe9\" data-element_type=\"section\" data-settings=\"{&quot;background_background&quot;:&quot;classic&quot;}\">\n\t\t\t\t\t\t\t<div class=\"elementor-background-overlay\"><\/div>\n\t\t\t\t\t\t\t<div class=\"elementor-container elementor-column-gap-narrow\">\n\t\t\t\t\t<div class=\"elementor-column elementor-col-100 elementor-top-column elementor-element elementor-element-de54cb7\" data-id=\"de54cb7\" data-element_type=\"column\">\n\t\t\t<div class=\"elementor-widget-wrap elementor-element-populated\">\n\t\t\t\t\t\t<section class=\"elementor-section elementor-inner-section elementor-element elementor-element-69a549f elementor-section-full_width elementor-section-height-default elementor-section-height-default\" data-id=\"69a549f\" data-element_type=\"section\">\n\t\t\t\t\t\t<div class=\"elementor-container elementor-column-gap-default\">\n\t\t\t\t\t<div class=\"elementor-column elementor-col-33 elementor-inner-column elementor-element elementor-element-b8c9501\" data-id=\"b8c9501\" data-element_type=\"column\">\n\t\t\t<div class=\"elementor-widget-wrap\">\n\t\t\t\t\t\t\t<\/div>\n\t\t<\/div>\n\t\t\t\t<div class=\"elementor-column elementor-col-33 elementor-inner-column elementor-element elementor-element-0df615a\" data-id=\"0df615a\" data-element_type=\"column\">\n\t\t\t<div class=\"elementor-widget-wrap\">\n\t\t\t\t\t\t\t<\/div>\n\t\t<\/div>\n\t\t\t\t<div class=\"elementor-column elementor-col-33 elementor-inner-column elementor-element elementor-element-a067337\" data-id=\"a067337\" data-element_type=\"column\">\n\t\t\t<div class=\"elementor-widget-wrap\">\n\t\t\t\t\t\t\t<\/div>\n\t\t<\/div>\n\t\t\t\t\t<\/div>\n\t\t<\/section>\n\t\t\t\t<div class=\"elementor-element elementor-element-0923c44 elementor-widget elementor-widget-heading\" data-id=\"0923c44\" data-element_type=\"widget\" data-widget_type=\"heading.default\">\n\t\t\t\t<div class=\"elementor-widget-container\">\n\t\t\t\t\t<h2 class=\"elementor-heading-title elementor-size-default\">Siehe auch<\/h2>\t\t\t\t<\/div>\n\t\t\t\t<\/div>\n\t\t\t\t<section class=\"elementor-section elementor-inner-section elementor-element elementor-element-575b2ba elementor-section-boxed elementor-section-height-default elementor-section-height-default\" data-id=\"575b2ba\" data-element_type=\"section\">\n\t\t\t\t\t\t<div class=\"elementor-container elementor-column-gap-default\">\n\t\t\t\t\t<div class=\"elementor-column elementor-col-33 elementor-inner-column elementor-element elementor-element-5713d81\" data-id=\"5713d81\" data-element_type=\"column\">\n\t\t\t<div class=\"elementor-widget-wrap elementor-element-populated\">\n\t\t\t\t\t\t<div class=\"elementor-element elementor-element-5ddba2b elementor-widget elementor-widget-image\" data-id=\"5ddba2b\" data-element_type=\"widget\" data-widget_type=\"image.default\">\n\t\t\t\t<div class=\"elementor-widget-container\">\n\t\t\t\t\t\t\t\t\t\t\t\t\t\t\t<img decoding=\"async\" width=\"2560\" height=\"1708\" src=\"https:\/\/www.hotelmouillage.fr\/wp-content\/uploads\/2023\/04\/L1000311-scaled.jpg\" class=\"attachment-full size-full wp-image-8080\" alt=\"Foto - Person, die surft - Aufenthalt saint tropez\" srcset=\"https:\/\/www.hotelmouillage.fr\/wp-content\/uploads\/2023\/04\/L1000311-scaled.jpg 2560w, https:\/\/www.hotelmouillage.fr\/wp-content\/uploads\/2023\/04\/L1000311-300x200.jpg 300w, https:\/\/www.hotelmouillage.fr\/wp-content\/uploads\/2023\/04\/L1000311-1024x683.jpg 1024w, https:\/\/www.hotelmouillage.fr\/wp-content\/uploads\/2023\/04\/L1000311-768x513.jpg 768w, https:\/\/www.hotelmouillage.fr\/wp-content\/uploads\/2023\/04\/L1000311-1536x1025.jpg 1536w, https:\/\/www.hotelmouillage.fr\/wp-content\/uploads\/2023\/04\/L1000311-2048x1367.jpg 2048w, https:\/\/www.hotelmouillage.fr\/wp-content\/uploads\/2023\/04\/L1000311-18x12.jpg 18w\" sizes=\"(max-width: 2560px) 100vw, 2560px\" title=\"Foto -\">\t\t\t\t\t\t\t\t\t\t\t\t\t\t\t<\/div>\n\t\t\t\t<\/div>\n\t\t\t\t<div class=\"elementor-element elementor-element-6c8c34c elementor-widget elementor-widget-heading\" data-id=\"6c8c34c\" data-element_type=\"widget\" data-widget_type=\"heading.default\">\n\t\t\t\t<div class=\"elementor-widget-container\">\n\t\t\t\t\t<h3 class=\"elementor-heading-title elementor-size-default\">Wassersportliche Aktivit\u00e4ten<\/h3>\t\t\t\t<\/div>\n\t\t\t\t<\/div>\n\t\t\t\t<div class=\"elementor-element elementor-element-e17de3a elementor-widget elementor-widget-text-editor\" data-id=\"e17de3a\" data-element_type=\"widget\" data-widget_type=\"text-editor.default\">\n\t\t\t\t<div class=\"elementor-widget-container\">\n\t\t\t\t\t\t\t\t\t<p>Zwischen zauberhaften Buchten und langen wei\u00dfen Sandstr\u00e4nden haben Sie die Qual der Wahl f\u00fcr Ihr kleines St\u00fcck vom Paradies<\/p>\t\t\t\t\t\t\t\t<\/div>\n\t\t\t\t<\/div>\n\t\t\t\t<div class=\"elementor-element elementor-element-d03aa0b elementor-widget elementor-widget-button\" data-id=\"d03aa0b\" data-element_type=\"widget\" data-widget_type=\"button.default\">\n\t\t\t\t<div class=\"elementor-widget-container\">\n\t\t\t\t\t\t\t\t\t<div class=\"elementor-button-wrapper\">\n\t\t\t\t\t<a class=\"elementor-button elementor-button-link elementor-size-sm\" href=\"https:\/\/www.hotelmouillage.fr\/de\/saint-tropez-aufenthalt-saint-tropez\/wassersport-hotel-bord-de-mer-saint-tropez\/\">\n\t\t\t\t\t\t<span class=\"elementor-button-content-wrapper\">\n\t\t\t\t\t\t\t\t\t<span class=\"elementor-button-text\">Mehr sehen<\/span>\n\t\t\t\t\t<\/span>\n\t\t\t\t\t<\/a>\n\t\t\t\t<\/div>\n\t\t\t\t\t\t\t\t<\/div>\n\t\t\t\t<\/div>\n\t\t\t\t\t<\/div>\n\t\t<\/div>\n\t\t\t\t<div class=\"elementor-column elementor-col-33 elementor-inner-column elementor-element elementor-element-4895b0f\" data-id=\"4895b0f\" data-element_type=\"column\">\n\t\t\t<div class=\"elementor-widget-wrap elementor-element-populated\">\n\t\t\t\t\t\t<div class=\"elementor-element elementor-element-125e731 elementor-widget elementor-widget-image\" data-id=\"125e731\" data-element_type=\"widget\" data-widget_type=\"image.default\">\n\t\t\t\t<div class=\"elementor-widget-container\">\n\t\t\t\t\t\t\t\t\t\t\t\t\t\t\t<img loading=\"lazy\" decoding=\"async\" width=\"2560\" height=\"1710\" src=\"https:\/\/www.hotelmouillage.fr\/wp-content\/uploads\/2023\/04\/L1002465-scaled.jpg\" class=\"attachment-full size-full wp-image-7953\" alt=\"Foto - Saint-Tropez bei Tag\" srcset=\"https:\/\/www.hotelmouillage.fr\/wp-content\/uploads\/2023\/04\/L1002465-scaled.jpg 2560w, https:\/\/www.hotelmouillage.fr\/wp-content\/uploads\/2023\/04\/L1002465-300x200.jpg 300w, https:\/\/www.hotelmouillage.fr\/wp-content\/uploads\/2023\/04\/L1002465-1024x684.jpg 1024w, https:\/\/www.hotelmouillage.fr\/wp-content\/uploads\/2023\/04\/L1002465-768x513.jpg 768w, https:\/\/www.hotelmouillage.fr\/wp-content\/uploads\/2023\/04\/L1002465-1536x1026.jpg 1536w, https:\/\/www.hotelmouillage.fr\/wp-content\/uploads\/2023\/04\/L1002465-2048x1368.jpg 2048w, https:\/\/www.hotelmouillage.fr\/wp-content\/uploads\/2023\/04\/L1002465-18x12.jpg 18w\" sizes=\"(max-width: 2560px) 100vw, 2560px\" title=\"Foto -\">\t\t\t\t\t\t\t\t\t\t\t\t\t\t\t<\/div>\n\t\t\t\t<\/div>\n\t\t\t\t<div class=\"elementor-element elementor-element-ff23c54 elementor-widget elementor-widget-heading\" data-id=\"ff23c54\" data-element_type=\"widget\" data-widget_type=\"heading.default\">\n\t\t\t\t<div class=\"elementor-widget-container\">\n\t\t\t\t\t<h3 class=\"elementor-heading-title elementor-size-default\">Unsere Adressen<\/h3>\t\t\t\t<\/div>\n\t\t\t\t<\/div>\n\t\t\t\t<div class=\"elementor-element elementor-element-5f498b6 elementor-widget elementor-widget-text-editor\" data-id=\"5f498b6\" data-element_type=\"widget\" data-widget_type=\"text-editor.default\">\n\t\t\t\t<div class=\"elementor-widget-container\">\n\t\t\t\t\t\t\t\t\t<p>Entdecken Sie alle unsere Geheimtipps in Saint-Tropez<\/p>\t\t\t\t\t\t\t\t<\/div>\n\t\t\t\t<\/div>\n\t\t\t\t<div class=\"elementor-element elementor-element-87e84c4 elementor-widget elementor-widget-button\" data-id=\"87e84c4\" data-element_type=\"widget\" data-widget_type=\"button.default\">\n\t\t\t\t<div class=\"elementor-widget-container\">\n\t\t\t\t\t\t\t\t\t<div class=\"elementor-button-wrapper\">\n\t\t\t\t\t<a class=\"elementor-button elementor-button-link elementor-size-sm\" href=\"https:\/\/www.hotelmouillage.fr\/de\/unsere-adressen-tourismus-saint-tropez\/\">\n\t\t\t\t\t\t<span class=\"elementor-button-content-wrapper\">\n\t\t\t\t\t\t\t\t\t<span class=\"elementor-button-text\">Mehr sehen<\/span>\n\t\t\t\t\t<\/span>\n\t\t\t\t\t<\/a>\n\t\t\t\t<\/div>\n\t\t\t\t\t\t\t\t<\/div>\n\t\t\t\t<\/div>\n\t\t\t\t\t<\/div>\n\t\t<\/div>\n\t\t\t\t<div class=\"elementor-column elementor-col-33 elementor-inner-column elementor-element elementor-element-05882db\" data-id=\"05882db\" data-element_type=\"column\">\n\t\t\t<div class=\"elementor-widget-wrap elementor-element-populated\">\n\t\t\t\t\t\t<div class=\"elementor-element elementor-element-ee5700d elementor-widget elementor-widget-image\" data-id=\"ee5700d\" data-element_type=\"widget\" data-widget_type=\"image.default\">\n\t\t\t\t<div class=\"elementor-widget-container\">\n\t\t\t\t\t\t\t\t\t\t\t\t\t\t\t<img loading=\"lazy\" decoding=\"async\" width=\"2560\" height=\"1708\" src=\"https:\/\/www.hotelmouillage.fr\/wp-content\/uploads\/2023\/04\/arriere-mouillage-scaled.jpg\" class=\"attachment-full size-full wp-image-7919\" alt=\"Foto - R\u00fcckansicht des Ankerplatzes\" srcset=\"https:\/\/www.hotelmouillage.fr\/wp-content\/uploads\/2023\/04\/arriere-mouillage-scaled.jpg 2560w, https:\/\/www.hotelmouillage.fr\/wp-content\/uploads\/2023\/04\/arriere-mouillage-300x200.jpg 300w, https:\/\/www.hotelmouillage.fr\/wp-content\/uploads\/2023\/04\/arriere-mouillage-1024x683.jpg 1024w, https:\/\/www.hotelmouillage.fr\/wp-content\/uploads\/2023\/04\/arriere-mouillage-768x513.jpg 768w, https:\/\/www.hotelmouillage.fr\/wp-content\/uploads\/2023\/04\/arriere-mouillage-1536x1025.jpg 1536w, https:\/\/www.hotelmouillage.fr\/wp-content\/uploads\/2023\/04\/arriere-mouillage-2048x1367.jpg 2048w, https:\/\/www.hotelmouillage.fr\/wp-content\/uploads\/2023\/04\/arriere-mouillage-18x12.jpg 18w\" sizes=\"(max-width: 2560px) 100vw, 2560px\" title=\"Foto -\">\t\t\t\t\t\t\t\t\t\t\t\t\t\t\t<\/div>\n\t\t\t\t<\/div>\n\t\t\t\t<div class=\"elementor-element elementor-element-03ecb3d elementor-widget elementor-widget-heading\" data-id=\"03ecb3d\" data-element_type=\"widget\" data-widget_type=\"heading.default\">\n\t\t\t\t<div class=\"elementor-widget-container\">\n\t\t\t\t\t<h3 class=\"elementor-heading-title elementor-size-default\">Fotogalerie<\/h3>\t\t\t\t<\/div>\n\t\t\t\t<\/div>\n\t\t\t\t<div class=\"elementor-element elementor-element-252bed9 elementor-widget elementor-widget-text-editor\" data-id=\"252bed9\" data-element_type=\"widget\" data-widget_type=\"text-editor.default\">\n\t\t\t\t<div class=\"elementor-widget-container\">\n\t\t\t\t\t\t\t\t\t<div class=\"elementor-element elementor-element-54a09a9 elementor-widget elementor-widget-text-editor\" data-id=\"54a09a9\" data-element_type=\"widget\" data-widget_type=\"text-editor.default\"><div class=\"elementor-widget-container\"><div class=\"elementor-text-editor elementor-clearfix\"><p>Alle Fotos von unserem Hotel und der Umgebung<\/p><\/div><\/div><\/div><div class=\"elementor-element elementor-element-583a126 elementor-widget elementor-widget-button\" data-id=\"583a126\" data-element_type=\"widget\" data-widget_type=\"button.default\"><div class=\"elementor-widget-container\"><div class=\"elementor-button-wrapper\">\u00a0<\/div><\/div><\/div>\t\t\t\t\t\t\t\t<\/div>\n\t\t\t\t<\/div>\n\t\t\t\t<div class=\"elementor-element elementor-element-8e54395 elementor-widget elementor-widget-button\" data-id=\"8e54395\" data-element_type=\"widget\" data-widget_type=\"button.default\">\n\t\t\t\t<div class=\"elementor-widget-container\">\n\t\t\t\t\t\t\t\t\t<div class=\"elementor-button-wrapper\">\n\t\t\t\t\t<a class=\"elementor-button elementor-button-link elementor-size-sm\" href=\"https:\/\/www.hotelmouillage.fr\/de\/fotogalerie\/\">\n\t\t\t\t\t\t<span class=\"elementor-button-content-wrapper\">\n\t\t\t\t\t\t\t\t\t<span class=\"elementor-button-text\">Mehr sehen<\/span>\n\t\t\t\t\t<\/span>\n\t\t\t\t\t<\/a>\n\t\t\t\t<\/div>\n\t\t\t\t\t\t\t\t<\/div>\n\t\t\t\t<\/div>\n\t\t\t\t\t<\/div>\n\t\t<\/div>\n\t\t\t\t\t<\/div>\n\t\t<\/section>\n\t\t\t\t\t<\/div>\n\t\t<\/div>\n\t\t\t\t\t<\/div>\n\t\t<\/section>\n\t\t\t\t<\/div>","protected":false},"excerpt":{"rendered":"<p>Hotel Saint-Tropez am Meer Aufenthalt mit den F\u00fc\u00dfen im Wasser im Hotel Le Mouillage in Saint-Tropez Ein Hauch von Provence und Ruhe liegt in Le Mouillage, Ihrem charmanten Hotel in Saint-Tropez, in der Luft. Das im Herzen des legend\u00e4ren Dorfes gelegene Haus wei\u00df in der Tat auf wunderbare Weise das sanfte Leben des S\u00fcdens von [...]].<\/p>","protected":false},"author":8,"featured_media":2493,"parent":368,"menu_order":0,"comment_status":"closed","ping_status":"closed","template":"","meta":{"_acf_changed":false,"inline_featured_image":false,"footnotes":""},"class_list":["post-8887","page","type-page","status-publish","has-post-thumbnail","hentry"],"acf":[],"_links":{"self":[{"href":"https:\/\/www.hotelmouillage.fr\/de\/wp-json\/wp\/v2\/pages\/8887","targetHints":{"allow":["GET"]}}],"collection":[{"href":"https:\/\/www.hotelmouillage.fr\/de\/wp-json\/wp\/v2\/pages"}],"about":[{"href":"https:\/\/www.hotelmouillage.fr\/de\/wp-json\/wp\/v2\/types\/page"}],"author":[{"embeddable":true,"href":"https:\/\/www.hotelmouillage.fr\/de\/wp-json\/wp\/v2\/users\/8"}],"replies":[{"embeddable":true,"href":"https:\/\/www.hotelmouillage.fr\/de\/wp-json\/wp\/v2\/comments?post=8887"}],"version-history":[{"count":20,"href":"https:\/\/www.hotelmouillage.fr\/de\/wp-json\/wp\/v2\/pages\/8887\/revisions"}],"predecessor-version":[{"id":9095,"href":"https:\/\/www.hotelmouillage.fr\/de\/wp-json\/wp\/v2\/pages\/8887\/revisions\/9095"}],"up":[{"embeddable":true,"href":"https:\/\/www.hotelmouillage.fr\/de\/wp-json\/wp\/v2\/pages\/368"}],"wp:featuredmedia":[{"embeddable":true,"href":"https:\/\/www.hotelmouillage.fr\/de\/wp-json\/wp\/v2\/media\/2493"}],"wp:attachment":[{"href":"https:\/\/www.hotelmouillage.fr\/de\/wp-json\/wp\/v2\/media?parent=8887"}],"curies":[{"name":"wp","href":"https:\/\/api.w.org\/{rel}","templated":true}]}}