{"id":374,"date":"2022-10-25T16:23:20","date_gmt":"2022-10-25T14:23:20","guid":{"rendered":"https:\/\/www.hotelmouillage.fr\/?page_id=374"},"modified":"2023-04-26T11:39:11","modified_gmt":"2023-04-26T09:39:11","slug":"i-nostri-indirizzi-turismo-saint-tropez","status":"publish","type":"page","link":"https:\/\/www.hotelmouillage.fr\/it\/nos-adresses-tourisme-saint-tropez\/","title":{"rendered":"I nostri indirizzi"},"content":{"rendered":"<div data-elementor-type=\"wp-page\" data-elementor-id=\"374\" class=\"elementor elementor-374\" data-elementor-post-type=\"page\">\n\t\t\t\t\t\t<section class=\"elementor-section elementor-top-section elementor-element elementor-element-17b1e72 elementor-section-full_width elementor-section-height-min-height elementor-section-height-default elementor-section-items-middle\" data-id=\"17b1e72\" data-element_type=\"section\" data-e-type=\"section\" data-settings=\"{&quot;background_background&quot;:&quot;classic&quot;}\">\n\t\t\t\t\t\t\t<div class=\"elementor-background-overlay\"><\/div>\n\t\t\t\t\t\t\t<div class=\"elementor-container elementor-column-gap-default\">\n\t\t\t\t\t<div class=\"elementor-column elementor-col-100 elementor-top-column elementor-element elementor-element-0970ca0\" data-id=\"0970ca0\" data-element_type=\"column\" data-e-type=\"column\">\n\t\t\t<div class=\"elementor-widget-wrap elementor-element-populated\">\n\t\t\t\t\t\t<div class=\"elementor-element elementor-element-2c612e7 elementor-widget elementor-widget-heading\" data-id=\"2c612e7\" data-element_type=\"widget\" data-e-type=\"widget\" data-widget_type=\"heading.default\">\n\t\t\t\t<div class=\"elementor-widget-container\">\n\t\t\t\t\t<h1 class=\"elementor-heading-title elementor-size-default\">Turismo Saint-Tropez<\/h1>\t\t\t\t<\/div>\n\t\t\t\t<\/div>\n\t\t\t\t\t<\/div>\n\t\t<\/div>\n\t\t\t\t\t<\/div>\n\t\t<\/section>\n\t\t\t\t<section class=\"elementor-section elementor-top-section elementor-element elementor-element-baf0851 elementor-section-boxed elementor-section-height-default elementor-section-height-default\" data-id=\"baf0851\" data-element_type=\"section\" data-e-type=\"section\" data-settings=\"{&quot;background_background&quot;:&quot;classic&quot;}\">\n\t\t\t\t\t\t<div class=\"elementor-container elementor-column-gap-default\">\n\t\t\t\t\t<div class=\"elementor-column elementor-col-100 elementor-top-column elementor-element elementor-element-81e9d7c\" data-id=\"81e9d7c\" data-element_type=\"column\" data-e-type=\"column\">\n\t\t\t<div class=\"elementor-widget-wrap elementor-element-populated\">\n\t\t\t\t\t\t<div class=\"elementor-element elementor-element-5ae9013 elementor-widget elementor-widget-heading\" data-id=\"5ae9013\" data-element_type=\"widget\" data-e-type=\"widget\" data-widget_type=\"heading.default\">\n\t\t\t\t<div class=\"elementor-widget-container\">\n\t\t\t\t\t<h2 class=\"elementor-heading-title elementor-size-default\">Scoprite i nostri angoli segreti<\/h2>\t\t\t\t<\/div>\n\t\t\t\t<\/div>\n\t\t\t\t<div class=\"elementor-element elementor-element-8d8f92e elementor-grid-2 elementor-posts--align-left elementor-grid-tablet-2 elementor-grid-mobile-1 elementor-posts--thumbnail-top elementor-posts__hover-gradient elementor-widget elementor-widget-posts\" data-id=\"8d8f92e\" data-element_type=\"widget\" data-e-type=\"widget\" data-settings=\"{&quot;cards_columns&quot;:&quot;2&quot;,&quot;cards_columns_tablet&quot;:&quot;2&quot;,&quot;cards_columns_mobile&quot;:&quot;1&quot;,&quot;cards_row_gap&quot;:{&quot;unit&quot;:&quot;px&quot;,&quot;size&quot;:35,&quot;sizes&quot;:[]},&quot;cards_row_gap_tablet&quot;:{&quot;unit&quot;:&quot;px&quot;,&quot;size&quot;:&quot;&quot;,&quot;sizes&quot;:[]},&quot;cards_row_gap_mobile&quot;:{&quot;unit&quot;:&quot;px&quot;,&quot;size&quot;:&quot;&quot;,&quot;sizes&quot;:[]}}\" data-widget_type=\"posts.cards\">\n\t\t\t\t<div class=\"elementor-widget-container\">\n\t\t\t\t\t\t\t<div class=\"elementor-posts-container elementor-posts elementor-posts--skin-cards elementor-grid\" role=\"list\">\n\t\t\t\t<article class=\"elementor-post elementor-grid-item post-8743 post type-post status-publish format-standard has-post-thumbnail hentry category-actualites\" role=\"listitem\">\n\t\t\t<div class=\"elementor-post__card\">\n\t\t\t\t<a class=\"elementor-post__thumbnail__link\" href=\"https:\/\/www.hotelmouillage.fr\/it\/actualites\/pour-les-sportifs\/\" tabindex=\"-1\"><div class=\"elementor-post__thumbnail\"><img fetchpriority=\"high\" decoding=\"async\" width=\"1803\" height=\"1202\" src=\"https:\/\/www.hotelmouillage.fr\/wp-content\/uploads\/2023\/04\/iStock-1345097661-1.jpg\" class=\"attachment-full size-full wp-image-8746\" alt=\"\" srcset=\"https:\/\/www.hotelmouillage.fr\/wp-content\/uploads\/2023\/04\/iStock-1345097661-1.jpg 1803w, https:\/\/www.hotelmouillage.fr\/wp-content\/uploads\/2023\/04\/iStock-1345097661-1-300x200.jpg 300w, https:\/\/www.hotelmouillage.fr\/wp-content\/uploads\/2023\/04\/iStock-1345097661-1-1024x683.jpg 1024w, https:\/\/www.hotelmouillage.fr\/wp-content\/uploads\/2023\/04\/iStock-1345097661-1-768x512.jpg 768w, https:\/\/www.hotelmouillage.fr\/wp-content\/uploads\/2023\/04\/iStock-1345097661-1-1536x1024.jpg 1536w, https:\/\/www.hotelmouillage.fr\/wp-content\/uploads\/2023\/04\/iStock-1345097661-1-18x12.jpg 18w\" sizes=\"(max-width: 1803px) 100vw, 1803px\" title=\"Foto -\"><\/div><\/a>\n\t\t\t\t<div class=\"elementor-post__text\">\n\t\t\t\t<h2 class=\"elementor-post__title\">\n\t\t\t<a href=\"https:\/\/www.hotelmouillage.fr\/it\/actualites\/pour-les-sportifs\/\">\n\t\t\t\tPer gli sportivi\t\t\t<\/a>\n\t\t<\/h2>\n\t\t\t\t<div class=\"elementor-post__excerpt\">\n\t\t\t<p>Tennis o golf, Saint-Tropez \u00e8 il luogo ideale per praticare il vostro sport preferito. Golf Up: amanti del golf, mettete alla prova i vostri<\/p>\n\t\t<\/div>\n\t\t\t\t\t<div class=\"elementor-post__read-more-wrapper\">\n\t\t\n\t\t<a class=\"elementor-post__read-more\" href=\"https:\/\/www.hotelmouillage.fr\/it\/actualites\/pour-les-sportifs\/\" aria-label=\"Leggi tutto Pour les sportifs\" tabindex=\"-1\">\n\t\t\tPer saperne di pi\u00f9...\t\t<\/a>\n\n\t\t\t\t\t<\/div>\n\t\t\t\t<\/div>\n\t\t\t\t\t<\/div>\n\t\t<\/article>\n\t\t\t\t<article class=\"elementor-post elementor-grid-item post-7780 post type-post status-publish format-standard has-post-thumbnail hentry category-actualites\" role=\"listitem\">\n\t\t\t<div class=\"elementor-post__card\">\n\t\t\t\t<a class=\"elementor-post__thumbnail__link\" href=\"https:\/\/www.hotelmouillage.fr\/it\/actualites\/marches-de-saint-tropez\/\" tabindex=\"-1\"><div class=\"elementor-post__thumbnail\"><img decoding=\"async\" width=\"1194\" height=\"797\" src=\"https:\/\/www.hotelmouillage.fr\/wp-content\/uploads\/2023\/04\/iStock-1159862270.jpg\" class=\"attachment-full size-full wp-image-8742\" alt=\"\" srcset=\"https:\/\/www.hotelmouillage.fr\/wp-content\/uploads\/2023\/04\/iStock-1159862270.jpg 1194w, https:\/\/www.hotelmouillage.fr\/wp-content\/uploads\/2023\/04\/iStock-1159862270-300x200.jpg 300w, https:\/\/www.hotelmouillage.fr\/wp-content\/uploads\/2023\/04\/iStock-1159862270-1024x684.jpg 1024w, https:\/\/www.hotelmouillage.fr\/wp-content\/uploads\/2023\/04\/iStock-1159862270-768x513.jpg 768w, https:\/\/www.hotelmouillage.fr\/wp-content\/uploads\/2023\/04\/iStock-1159862270-18x12.jpg 18w\" sizes=\"(max-width: 1194px) 100vw, 1194px\" title=\"Foto -\"><\/div><\/a>\n\t\t\t\t<div class=\"elementor-post__text\">\n\t\t\t\t<h2 class=\"elementor-post__title\">\n\t\t\t<a href=\"https:\/\/www.hotelmouillage.fr\/it\/actualites\/marches-de-saint-tropez\/\">\n\t\t\t\tI mercati di Saint-Tropez\t\t\t<\/a>\n\t\t<\/h2>\n\t\t\t\t<div class=\"elementor-post__excerpt\">\n\t\t\t<p>Saint-Tropez \u00e8 nota per i suoi mercati che profumano di Provenza. Avventuratevi alla scoperta di prodotti e specialit\u00e0 locali.<\/p>\n\t\t<\/div>\n\t\t\t\t\t<div class=\"elementor-post__read-more-wrapper\">\n\t\t\n\t\t<a class=\"elementor-post__read-more\" href=\"https:\/\/www.hotelmouillage.fr\/it\/actualites\/marches-de-saint-tropez\/\" aria-label=\"Leggi tutto Les march\u00e9s de Saint-Tropez\" tabindex=\"-1\">\n\t\t\tPer saperne di pi\u00f9...\t\t<\/a>\n\n\t\t\t\t\t<\/div>\n\t\t\t\t<\/div>\n\t\t\t\t\t<\/div>\n\t\t<\/article>\n\t\t\t\t<article class=\"elementor-post elementor-grid-item post-7779 post type-post status-publish format-standard has-post-thumbnail hentry category-actualites\" role=\"listitem\">\n\t\t\t<div class=\"elementor-post__card\">\n\t\t\t\t<a class=\"elementor-post__thumbnail__link\" href=\"https:\/\/www.hotelmouillage.fr\/it\/actualites\/les-excursions-aux-alentours\/\" tabindex=\"-1\"><div class=\"elementor-post__thumbnail\"><img decoding=\"async\" width=\"949\" height=\"633\" src=\"https:\/\/www.hotelmouillage.fr\/wp-content\/uploads\/2023\/04\/iStock-1299660075.jpg\" class=\"attachment-full size-full wp-image-8738\" alt=\"\" srcset=\"https:\/\/www.hotelmouillage.fr\/wp-content\/uploads\/2023\/04\/iStock-1299660075.jpg 949w, https:\/\/www.hotelmouillage.fr\/wp-content\/uploads\/2023\/04\/iStock-1299660075-300x200.jpg 300w, https:\/\/www.hotelmouillage.fr\/wp-content\/uploads\/2023\/04\/iStock-1299660075-768x512.jpg 768w, https:\/\/www.hotelmouillage.fr\/wp-content\/uploads\/2023\/04\/iStock-1299660075-18x12.jpg 18w\" sizes=\"(max-width: 949px) 100vw, 949px\" title=\"Foto -\"><\/div><\/a>\n\t\t\t\t<div class=\"elementor-post__text\">\n\t\t\t\t<h2 class=\"elementor-post__title\">\n\t\t\t<a href=\"https:\/\/www.hotelmouillage.fr\/it\/actualites\/les-excursions-aux-alentours\/\">\n\t\t\t\tEscursioni e attivit\u00e0 nella zona\t\t\t<\/a>\n\t\t<\/h2>\n\t\t\t\t<div class=\"elementor-post__excerpt\">\n\t\t\t<p>Scoprite i villaggi pi\u00f9 belli della regione. Il villaggio di Ramatuelle, il villaggio di Gassin o Port Grimaud sono<\/p>\n\t\t<\/div>\n\t\t\t\t\t<div class=\"elementor-post__read-more-wrapper\">\n\t\t\n\t\t<a class=\"elementor-post__read-more\" href=\"https:\/\/www.hotelmouillage.fr\/it\/actualites\/les-excursions-aux-alentours\/\" aria-label=\"Leggi tutto Les excursions et activit\u00e9s aux alentours\" tabindex=\"-1\">\n\t\t\tPer saperne di pi\u00f9...\t\t<\/a>\n\n\t\t\t\t\t<\/div>\n\t\t\t\t<\/div>\n\t\t\t\t\t<\/div>\n\t\t<\/article>\n\t\t\t\t<article class=\"elementor-post elementor-grid-item post-7777 post type-post status-publish format-standard has-post-thumbnail hentry category-actualites\" role=\"listitem\">\n\t\t\t<div class=\"elementor-post__card\">\n\t\t\t\t<a class=\"elementor-post__thumbnail__link\" href=\"https:\/\/www.hotelmouillage.fr\/it\/actualites\/clubs-immanquables\/\" tabindex=\"-1\"><div class=\"elementor-post__thumbnail\"><img loading=\"lazy\" decoding=\"async\" width=\"1027\" height=\"664\" src=\"https:\/\/www.hotelmouillage.fr\/wp-content\/uploads\/2023\/04\/iStock-1069137774.jpg\" class=\"attachment-full size-full wp-image-8741\" alt=\"\" srcset=\"https:\/\/www.hotelmouillage.fr\/wp-content\/uploads\/2023\/04\/iStock-1069137774.jpg 1027w, https:\/\/www.hotelmouillage.fr\/wp-content\/uploads\/2023\/04\/iStock-1069137774-300x194.jpg 300w, https:\/\/www.hotelmouillage.fr\/wp-content\/uploads\/2023\/04\/iStock-1069137774-1024x662.jpg 1024w, https:\/\/www.hotelmouillage.fr\/wp-content\/uploads\/2023\/04\/iStock-1069137774-768x497.jpg 768w, https:\/\/www.hotelmouillage.fr\/wp-content\/uploads\/2023\/04\/iStock-1069137774-18x12.jpg 18w\" sizes=\"(max-width: 1027px) 100vw, 1027px\" title=\"Foto -\"><\/div><\/a>\n\t\t\t\t<div class=\"elementor-post__text\">\n\t\t\t\t<h2 class=\"elementor-post__title\">\n\t\t\t<a href=\"https:\/\/www.hotelmouillage.fr\/it\/actualites\/clubs-immanquables\/\">\n\t\t\t\tClub imperdibili\t\t\t<\/a>\n\t\t<\/h2>\n\t\t\t\t<div class=\"elementor-post__excerpt\">\n\t\t\t<p>Volete fare festa? Saint-Tropez \u00e8 il posto giusto. Scoprite i nostri indirizzi preferiti per trascorrere una notte indimenticabile. Le grotte<\/p>\n\t\t<\/div>\n\t\t\t\t\t<div class=\"elementor-post__read-more-wrapper\">\n\t\t\n\t\t<a class=\"elementor-post__read-more\" href=\"https:\/\/www.hotelmouillage.fr\/it\/actualites\/clubs-immanquables\/\" aria-label=\"Leggi tutto Les clubs immanquables\" tabindex=\"-1\">\n\t\t\tPer saperne di pi\u00f9...\t\t<\/a>\n\n\t\t\t\t\t<\/div>\n\t\t\t\t<\/div>\n\t\t\t\t\t<\/div>\n\t\t<\/article>\n\t\t\t\t<article class=\"elementor-post elementor-grid-item post-6160 post type-post status-publish format-standard has-post-thumbnail hentry category-actualites\" role=\"listitem\">\n\t\t\t<div class=\"elementor-post__card\">\n\t\t\t\t<a class=\"elementor-post__thumbnail__link\" href=\"https:\/\/www.hotelmouillage.fr\/it\/actualites\/nos-bars-preferes\/\" tabindex=\"-1\"><div class=\"elementor-post__thumbnail\"><img loading=\"lazy\" decoding=\"async\" width=\"1094\" height=\"727\" src=\"https:\/\/www.hotelmouillage.fr\/wp-content\/uploads\/2023\/04\/iStock-510234646.jpg\" class=\"attachment-full size-full wp-image-8740\" alt=\"\" srcset=\"https:\/\/www.hotelmouillage.fr\/wp-content\/uploads\/2023\/04\/iStock-510234646.jpg 1094w, https:\/\/www.hotelmouillage.fr\/wp-content\/uploads\/2023\/04\/iStock-510234646-300x199.jpg 300w, https:\/\/www.hotelmouillage.fr\/wp-content\/uploads\/2023\/04\/iStock-510234646-1024x680.jpg 1024w, https:\/\/www.hotelmouillage.fr\/wp-content\/uploads\/2023\/04\/iStock-510234646-768x510.jpg 768w, https:\/\/www.hotelmouillage.fr\/wp-content\/uploads\/2023\/04\/iStock-510234646-18x12.jpg 18w\" sizes=\"(max-width: 1094px) 100vw, 1094px\" title=\"Foto -\"><\/div><\/a>\n\t\t\t\t<div class=\"elementor-post__text\">\n\t\t\t\t<h2 class=\"elementor-post__title\">\n\t\t\t<a href=\"https:\/\/www.hotelmouillage.fr\/it\/actualites\/nos-bars-preferes\/\">\n\t\t\t\tI nostri bar preferiti\t\t\t<\/a>\n\t\t<\/h2>\n\t\t\t\t<div class=\"elementor-post__excerpt\">\n\t\t\t<p>Saint-Tropez \u00e8 nota per i suoi numerosi bar. Tra i nostri preferiti, il Caf\u00e9 de Paris, Le Tigrr o Le Quai per un drink.<\/p>\n\t\t<\/div>\n\t\t\t\t\t<div class=\"elementor-post__read-more-wrapper\">\n\t\t\n\t\t<a class=\"elementor-post__read-more\" href=\"https:\/\/www.hotelmouillage.fr\/it\/actualites\/nos-bars-preferes\/\" aria-label=\"Leggi tutto Nos bars pr\u00e9f\u00e9r\u00e9s\" tabindex=\"-1\">\n\t\t\tPer saperne di pi\u00f9...\t\t<\/a>\n\n\t\t\t\t\t<\/div>\n\t\t\t\t<\/div>\n\t\t\t\t\t<\/div>\n\t\t<\/article>\n\t\t\t\t<article class=\"elementor-post elementor-grid-item post-6158 post type-post status-publish format-standard has-post-thumbnail hentry category-actualites\" role=\"listitem\">\n\t\t\t<div class=\"elementor-post__card\">\n\t\t\t\t<a class=\"elementor-post__thumbnail__link\" href=\"https:\/\/www.hotelmouillage.fr\/it\/actualites\/pour-diner\/\" tabindex=\"-1\"><div class=\"elementor-post__thumbnail\"><img loading=\"lazy\" decoding=\"async\" width=\"1125\" height=\"736\" src=\"https:\/\/www.hotelmouillage.fr\/wp-content\/uploads\/2023\/04\/iStock-458997769.jpg\" class=\"attachment-full size-full wp-image-8739\" alt=\"\" srcset=\"https:\/\/www.hotelmouillage.fr\/wp-content\/uploads\/2023\/04\/iStock-458997769.jpg 1125w, https:\/\/www.hotelmouillage.fr\/wp-content\/uploads\/2023\/04\/iStock-458997769-300x196.jpg 300w, https:\/\/www.hotelmouillage.fr\/wp-content\/uploads\/2023\/04\/iStock-458997769-1024x670.jpg 1024w, https:\/\/www.hotelmouillage.fr\/wp-content\/uploads\/2023\/04\/iStock-458997769-768x502.jpg 768w, https:\/\/www.hotelmouillage.fr\/wp-content\/uploads\/2023\/04\/iStock-458997769-18x12.jpg 18w\" sizes=\"(max-width: 1125px) 100vw, 1125px\" title=\"Foto -\"><\/div><\/a>\n\t\t\t\t<div class=\"elementor-post__text\">\n\t\t\t\t<h2 class=\"elementor-post__title\">\n\t\t\t<a href=\"https:\/\/www.hotelmouillage.fr\/it\/actualites\/pour-diner\/\">\n\t\t\t\tPer la cena\t\t\t<\/a>\n\t\t<\/h2>\n\t\t\t\t<div class=\"elementor-post__excerpt\">\n\t\t\t<p>Ci sono molti ristoranti a Saint-Tropez, tra cui La Petite Plage, Le Caf\u00e9, Salama, Luna Rossa e Kinungawa, che sono tra i nostri preferiti.<\/p>\n\t\t<\/div>\n\t\t\t\t\t<div class=\"elementor-post__read-more-wrapper\">\n\t\t\n\t\t<a class=\"elementor-post__read-more\" href=\"https:\/\/www.hotelmouillage.fr\/it\/actualites\/pour-diner\/\" aria-label=\"Leggi tutto Pour d\u00eener\" tabindex=\"-1\">\n\t\t\tPer saperne di pi\u00f9...\t\t<\/a>\n\n\t\t\t\t\t<\/div>\n\t\t\t\t<\/div>\n\t\t\t\t\t<\/div>\n\t\t<\/article>\n\t\t\t\t<article class=\"elementor-post elementor-grid-item post-2754 post type-post status-publish format-standard has-post-thumbnail hentry category-actualites\" role=\"listitem\">\n\t\t\t<div class=\"elementor-post__card\">\n\t\t\t\t<a class=\"elementor-post__thumbnail__link\" href=\"https:\/\/www.hotelmouillage.fr\/it\/actualites\/les-plages\/\" tabindex=\"-1\"><div class=\"elementor-post__thumbnail\"><img loading=\"lazy\" decoding=\"async\" width=\"2560\" height=\"1708\" src=\"https:\/\/www.hotelmouillage.fr\/wp-content\/uploads\/2022\/11\/L1000307-scaled.jpg\" class=\"attachment-full size-full wp-image-8319\" alt=\"Foto - Spiaggia di Saint Tropez - turismo Saint Tropez\" srcset=\"https:\/\/www.hotelmouillage.fr\/wp-content\/uploads\/2022\/11\/L1000307-scaled.jpg 2560w, https:\/\/www.hotelmouillage.fr\/wp-content\/uploads\/2022\/11\/L1000307-300x200.jpg 300w, https:\/\/www.hotelmouillage.fr\/wp-content\/uploads\/2022\/11\/L1000307-1024x683.jpg 1024w, https:\/\/www.hotelmouillage.fr\/wp-content\/uploads\/2022\/11\/L1000307-768x513.jpg 768w, https:\/\/www.hotelmouillage.fr\/wp-content\/uploads\/2022\/11\/L1000307-1536x1025.jpg 1536w, https:\/\/www.hotelmouillage.fr\/wp-content\/uploads\/2022\/11\/L1000307-2048x1367.jpg 2048w, https:\/\/www.hotelmouillage.fr\/wp-content\/uploads\/2022\/11\/L1000307-18x12.jpg 18w\" sizes=\"(max-width: 2560px) 100vw, 2560px\" title=\"Foto -\"><\/div><\/a>\n\t\t\t\t<div class=\"elementor-post__text\">\n\t\t\t\t<h2 class=\"elementor-post__title\">\n\t\t\t<a href=\"https:\/\/www.hotelmouillage.fr\/it\/actualites\/les-plages\/\">\n\t\t\t\tLe spiagge\t\t\t<\/a>\n\t\t<\/h2>\n\t\t\t\t<div class=\"elementor-post__excerpt\">\n\t\t\t<p>Le incantevoli spiagge di Saint-Tropez non hanno nulla da dimostrare. Scoprite le nostre preferite per godervi una giornata di sole con i piedi in acqua. Club<\/p>\n\t\t<\/div>\n\t\t\t\t\t<div class=\"elementor-post__read-more-wrapper\">\n\t\t\n\t\t<a class=\"elementor-post__read-more\" href=\"https:\/\/www.hotelmouillage.fr\/it\/actualites\/les-plages\/\" aria-label=\"Leggi tutto Les plages\" tabindex=\"-1\">\n\t\t\tPer saperne di pi\u00f9...\t\t<\/a>\n\n\t\t\t\t\t<\/div>\n\t\t\t\t<\/div>\n\t\t\t\t\t<\/div>\n\t\t<\/article>\n\t\t\t\t<article class=\"elementor-post elementor-grid-item post-2751 post type-post status-publish format-standard has-post-thumbnail hentry category-actualites\" role=\"listitem\">\n\t\t\t<div class=\"elementor-post__card\">\n\t\t\t\t<a class=\"elementor-post__thumbnail__link\" href=\"https:\/\/www.hotelmouillage.fr\/it\/actualites\/les-boutiques-de-saint-tropez\/\" tabindex=\"-1\"><div class=\"elementor-post__thumbnail\"><img loading=\"lazy\" decoding=\"async\" width=\"1390\" height=\"754\" src=\"https:\/\/www.hotelmouillage.fr\/wp-content\/uploads\/2022\/11\/dior-des-lices.jpg\" class=\"attachment-full size-full wp-image-8320\" alt=\"Foto - Ristorante Dior des lices - turismo Saint Tropez\" srcset=\"https:\/\/www.hotelmouillage.fr\/wp-content\/uploads\/2022\/11\/dior-des-lices.jpg 1390w, https:\/\/www.hotelmouillage.fr\/wp-content\/uploads\/2022\/11\/dior-des-lices-300x163.jpg 300w, https:\/\/www.hotelmouillage.fr\/wp-content\/uploads\/2022\/11\/dior-des-lices-1024x555.jpg 1024w, https:\/\/www.hotelmouillage.fr\/wp-content\/uploads\/2022\/11\/dior-des-lices-768x417.jpg 768w, https:\/\/www.hotelmouillage.fr\/wp-content\/uploads\/2022\/11\/dior-des-lices-18x10.jpg 18w\" sizes=\"(max-width: 1390px) 100vw, 1390px\" title=\"Foto -\"><\/div><\/a>\n\t\t\t\t<div class=\"elementor-post__text\">\n\t\t\t\t<h2 class=\"elementor-post__title\">\n\t\t\t<a href=\"https:\/\/www.hotelmouillage.fr\/it\/actualites\/les-boutiques-de-saint-tropez\/\">\n\t\t\t\tI negozi di Saint-Tropez\t\t\t<\/a>\n\t\t<\/h2>\n\t\t\t\t<div class=\"elementor-post__excerpt\">\n\t\t\t<p>Scoprite i nostri consigli per i negozi a Saint-Tropez. Abbigliamento e accessori per uomo e donna per una giornata di shopping durante il vostro soggiorno! Mana Saint-Tropez: un marchio<\/p>\n\t\t<\/div>\n\t\t\t\t\t<div class=\"elementor-post__read-more-wrapper\">\n\t\t\n\t\t<a class=\"elementor-post__read-more\" href=\"https:\/\/www.hotelmouillage.fr\/it\/actualites\/les-boutiques-de-saint-tropez\/\" aria-label=\"Leggi tutto Les boutiques de Saint-Tropez\" tabindex=\"-1\">\n\t\t\tPer saperne di pi\u00f9...\t\t<\/a>\n\n\t\t\t\t\t<\/div>\n\t\t\t\t<\/div>\n\t\t\t\t\t<\/div>\n\t\t<\/article>\n\t\t\t\t<\/div>\n\t\t\n\t\t\t\t\t\t<\/div>\n\t\t\t\t<\/div>\n\t\t\t\t\t<\/div>\n\t\t<\/div>\n\t\t\t\t\t<\/div>\n\t\t<\/section>\n\t\t\t\t<\/div>","protected":false},"excerpt":{"rendered":"<p>Turismo Saint-Tropez Scoprite i nostri luoghi segreti<\/p>","protected":false},"author":4,"featured_media":2467,"parent":0,"menu_order":0,"comment_status":"closed","ping_status":"closed","template":"","meta":{"_acf_changed":false,"inline_featured_image":false,"footnotes":""},"class_list":["post-374","page","type-page","status-publish","has-post-thumbnail","hentry"],"acf":[],"_links":{"self":[{"href":"https:\/\/www.hotelmouillage.fr\/it\/wp-json\/wp\/v2\/pages\/374","targetHints":{"allow":["GET"]}}],"collection":[{"href":"https:\/\/www.hotelmouillage.fr\/it\/wp-json\/wp\/v2\/pages"}],"about":[{"href":"https:\/\/www.hotelmouillage.fr\/it\/wp-json\/wp\/v2\/types\/page"}],"author":[{"embeddable":true,"href":"https:\/\/www.hotelmouillage.fr\/it\/wp-json\/wp\/v2\/users\/4"}],"replies":[{"embeddable":true,"href":"https:\/\/www.hotelmouillage.fr\/it\/wp-json\/wp\/v2\/comments?post=374"}],"version-history":[{"count":145,"href":"https:\/\/www.hotelmouillage.fr\/it\/wp-json\/wp\/v2\/pages\/374\/revisions"}],"predecessor-version":[{"id":8794,"href":"https:\/\/www.hotelmouillage.fr\/it\/wp-json\/wp\/v2\/pages\/374\/revisions\/8794"}],"wp:featuredmedia":[{"embeddable":true,"href":"https:\/\/www.hotelmouillage.fr\/it\/wp-json\/wp\/v2\/media\/2467"}],"wp:attachment":[{"href":"https:\/\/www.hotelmouillage.fr\/it\/wp-json\/wp\/v2\/media?parent=374"}],"curies":[{"name":"wp","href":"https:\/\/api.w.org\/{rel}","templated":true}]}}