{"id":8887,"date":"2023-07-26T14:28:48","date_gmt":"2023-07-26T12:28:48","guid":{"rendered":"https:\/\/www.hotelmouillage.fr\/?page_id=8887"},"modified":"2024-07-16T11:33:05","modified_gmt":"2024-07-16T09:33:05","slug":"attivita-turistiche-saint-tropez-2","status":"publish","type":"page","link":"https:\/\/www.hotelmouillage.fr\/it\/saint-tropez-sejour-saint-tropez\/hotel-saint-tropez-bord-de-mer\/","title":{"rendered":"Hotel sul mare di Saint-Tropez"},"content":{"rendered":"<div data-elementor-type=\"wp-page\" data-elementor-id=\"8887\" class=\"elementor elementor-8887\" data-elementor-post-type=\"page\">\n\t\t\t\t\t\t<section class=\"elementor-section elementor-top-section elementor-element elementor-element-d6c7843 elementor-section-full_width elementor-section-height-min-height elementor-section-height-default elementor-section-items-middle\" data-id=\"d6c7843\" data-element_type=\"section\" data-e-type=\"section\" data-settings=\"{&quot;background_background&quot;:&quot;classic&quot;}\">\n\t\t\t\t\t\t\t<div class=\"elementor-background-overlay\"><\/div>\n\t\t\t\t\t\t\t<div class=\"elementor-container elementor-column-gap-default\">\n\t\t\t\t\t<div class=\"elementor-column elementor-col-100 elementor-top-column elementor-element elementor-element-88bef6c\" data-id=\"88bef6c\" data-element_type=\"column\" data-e-type=\"column\">\n\t\t\t<div class=\"elementor-widget-wrap elementor-element-populated\">\n\t\t\t\t\t\t<div class=\"elementor-element elementor-element-93b02fd elementor-widget elementor-widget-heading\" data-id=\"93b02fd\" data-element_type=\"widget\" data-e-type=\"widget\" data-widget_type=\"heading.default\">\n\t\t\t\t<div class=\"elementor-widget-container\">\n\t\t\t\t\t<h1 class=\"elementor-heading-title elementor-size-default\">Hotel sul mare di Saint-Tropez\n<\/h1>\t\t\t\t<\/div>\n\t\t\t\t<\/div>\n\t\t\t\t\t<\/div>\n\t\t<\/div>\n\t\t\t\t\t<\/div>\n\t\t<\/section>\n\t\t\t\t<section class=\"elementor-section elementor-top-section elementor-element elementor-element-99f5059 elementor-section-boxed elementor-section-height-default elementor-section-height-default\" data-id=\"99f5059\" data-element_type=\"section\" data-e-type=\"section\" data-settings=\"{&quot;background_background&quot;:&quot;classic&quot;}\">\n\t\t\t\t\t\t\t<div class=\"elementor-background-overlay\"><\/div>\n\t\t\t\t\t\t\t<div class=\"elementor-container elementor-column-gap-default\">\n\t\t\t\t\t<div class=\"elementor-column elementor-col-50 elementor-top-column elementor-element elementor-element-caa8998\" data-id=\"caa8998\" data-element_type=\"column\" data-e-type=\"column\">\n\t\t\t<div class=\"elementor-widget-wrap elementor-element-populated\">\n\t\t\t\t\t\t<div class=\"elementor-element elementor-element-84b99a5 elementor-widget elementor-widget-heading\" data-id=\"84b99a5\" data-element_type=\"widget\" data-e-type=\"widget\" data-widget_type=\"heading.default\">\n\t\t\t\t<div class=\"elementor-widget-container\">\n\t\t\t\t\t<h2 class=\"elementor-heading-title elementor-size-default\">Soggiorno sul lungomare all'H\u00f4tel le Mouillage di Saint-Tropez\n<\/h2>\t\t\t\t<\/div>\n\t\t\t\t<\/div>\n\t\t\t\t<div class=\"elementor-element elementor-element-f0c852e elementor-widget elementor-widget-text-editor\" data-id=\"f0c852e\" data-element_type=\"widget\" data-e-type=\"widget\" data-widget_type=\"text-editor.default\">\n\t\t\t\t<div class=\"elementor-widget-container\">\n\t\t\t\t\t\t\t\t\t<p><span style=\"font-weight: 400;\">Il profumo della Provenza e della tranquillit\u00e0 aleggia nel Le Mouillage, il vostro hotel di charme a Saint-Tropez. Situato nel cuore del leggendario villaggio, l'hotel cattura perfettamente il dolce stile di vita del sud della Francia. Entrate per una vacanza indimenticabile proprio sull'acqua. S\u00ec, a soli due minuti a piedi dalla superba spiaggia di Bouillabaisse. Il mare blu intenso \u00e8 una delizia per chi ama i tuffi, mentre la piscina e la sua incantevole cornice creano l'atmosfera perfetta per momenti di incomparabile relax.<\/span><\/p><p><span style=\"font-weight: 400;\">In<a href=\"https:\/\/www.hotelmouillage.fr\/it\/\"> il nostro hotel a Saint-Tropez<\/a> L'hotel \u00e8 situato sul lungomare, dove potrete rilassarvi in un'atmosfera calda e accogliente. Sentitevi come a casa vostra, con servizi di alta gamma. Visitare <a href=\"https:\/\/www.hotelmouillage.fr\/it\/camere-e-suite-hotel-4-stelle-saint-tropez\/\">camere confortevoli<\/a> sono decorate con raffinatezza e il patio fiorito offre spazi tranquilli che invitano a dimenticare il tempo.<\/span><\/p>\t\t\t\t\t\t\t\t<\/div>\n\t\t\t\t<\/div>\n\t\t\t\t\t<\/div>\n\t\t<\/div>\n\t\t\t\t<div class=\"elementor-column elementor-col-50 elementor-top-column elementor-element elementor-element-0e33b50\" data-id=\"0e33b50\" data-element_type=\"column\" data-e-type=\"column\">\n\t\t\t<div class=\"elementor-widget-wrap elementor-element-populated\">\n\t\t\t\t\t\t<div class=\"elementor-element elementor-element-eb64b02 elementor-widget elementor-widget-image\" data-id=\"eb64b02\" data-element_type=\"widget\" data-e-type=\"widget\" data-widget_type=\"image.default\">\n\t\t\t\t<div class=\"elementor-widget-container\">\n\t\t\t\t\t\t\t\t\t\t\t\t\t\t\t<img fetchpriority=\"high\" decoding=\"async\" width=\"1254\" height=\"836\" src=\"https:\/\/www.hotelmouillage.fr\/wp-content\/uploads\/2023\/04\/plage-escalet.jpg\" class=\"attachment-full size-full wp-image-8326\" alt=\"Foto - Plage de l&#039;Escalet a Ramatuelle - soggiorno a Saint Tropez\" srcset=\"https:\/\/www.hotelmouillage.fr\/wp-content\/uploads\/2023\/04\/plage-escalet.jpg 1254w, https:\/\/www.hotelmouillage.fr\/wp-content\/uploads\/2023\/04\/plage-escalet-300x200.jpg 300w, https:\/\/www.hotelmouillage.fr\/wp-content\/uploads\/2023\/04\/plage-escalet-1024x683.jpg 1024w, https:\/\/www.hotelmouillage.fr\/wp-content\/uploads\/2023\/04\/plage-escalet-768x512.jpg 768w, https:\/\/www.hotelmouillage.fr\/wp-content\/uploads\/2023\/04\/plage-escalet-18x12.jpg 18w\" sizes=\"(max-width: 1254px) 100vw, 1254px\" title=\"Foto -\">\t\t\t\t\t\t\t\t\t\t\t\t\t\t\t<\/div>\n\t\t\t\t<\/div>\n\t\t\t\t\t<\/div>\n\t\t<\/div>\n\t\t\t\t\t<\/div>\n\t\t<\/section>\n\t\t\t\t<section class=\"elementor-section elementor-top-section elementor-element elementor-element-a644436 elementor-section-full_width elementor-section-height-default elementor-section-height-default\" data-id=\"a644436\" data-element_type=\"section\" data-e-type=\"section\">\n\t\t\t\t\t\t<div class=\"elementor-container elementor-column-gap-default\">\n\t\t\t\t\t<div class=\"elementor-column elementor-col-100 elementor-top-column elementor-element elementor-element-f3e776b\" data-id=\"f3e776b\" data-element_type=\"column\" data-e-type=\"column\">\n\t\t\t<div class=\"elementor-widget-wrap elementor-element-populated\">\n\t\t\t\t\t\t<section class=\"elementor-section elementor-inner-section elementor-element elementor-element-c8d6fd3 elementor-section-full_width elementor-reverse-tablet elementor-reverse-mobile elementor-section-height-default elementor-section-height-default\" data-id=\"c8d6fd3\" data-element_type=\"section\" data-e-type=\"section\">\n\t\t\t\t\t\t<div class=\"elementor-container elementor-column-gap-default\">\n\t\t\t\t\t<div class=\"elementor-column elementor-col-50 elementor-inner-column elementor-element elementor-element-fe80958\" data-id=\"fe80958\" data-element_type=\"column\" data-e-type=\"column\">\n\t\t\t<div class=\"elementor-widget-wrap elementor-element-populated\">\n\t\t\t\t\t\t<div class=\"elementor-element elementor-element-cf0869f elementor-widget elementor-widget-image\" data-id=\"cf0869f\" data-element_type=\"widget\" data-e-type=\"widget\" data-widget_type=\"image.default\">\n\t\t\t\t<div class=\"elementor-widget-container\">\n\t\t\t\t\t\t\t\t\t\t\t\t\t\t\t<img decoding=\"async\" width=\"2560\" height=\"1708\" src=\"https:\/\/www.hotelmouillage.fr\/wp-content\/uploads\/2022\/11\/L1000307-scaled.jpg\" class=\"attachment-full size-full wp-image-8319\" alt=\"Foto - Spiaggia di Saint Tropez - turismo Saint Tropez\" srcset=\"https:\/\/www.hotelmouillage.fr\/wp-content\/uploads\/2022\/11\/L1000307-scaled.jpg 2560w, https:\/\/www.hotelmouillage.fr\/wp-content\/uploads\/2022\/11\/L1000307-300x200.jpg 300w, https:\/\/www.hotelmouillage.fr\/wp-content\/uploads\/2022\/11\/L1000307-1024x683.jpg 1024w, https:\/\/www.hotelmouillage.fr\/wp-content\/uploads\/2022\/11\/L1000307-768x513.jpg 768w, https:\/\/www.hotelmouillage.fr\/wp-content\/uploads\/2022\/11\/L1000307-1536x1025.jpg 1536w, https:\/\/www.hotelmouillage.fr\/wp-content\/uploads\/2022\/11\/L1000307-2048x1367.jpg 2048w, https:\/\/www.hotelmouillage.fr\/wp-content\/uploads\/2022\/11\/L1000307-18x12.jpg 18w\" sizes=\"(max-width: 2560px) 100vw, 2560px\" title=\"Foto -\">\t\t\t\t\t\t\t\t\t\t\t\t\t\t\t<\/div>\n\t\t\t\t<\/div>\n\t\t\t\t\t<\/div>\n\t\t<\/div>\n\t\t\t\t<div class=\"elementor-column elementor-col-50 elementor-inner-column elementor-element elementor-element-dc3893d\" data-id=\"dc3893d\" data-element_type=\"column\" data-e-type=\"column\">\n\t\t\t<div class=\"elementor-widget-wrap elementor-element-populated\">\n\t\t\t\t\t\t<div class=\"elementor-element elementor-element-b9e5ad5 elementor-widget elementor-widget-heading\" data-id=\"b9e5ad5\" data-element_type=\"widget\" data-e-type=\"widget\" data-widget_type=\"heading.default\">\n\t\t\t\t<div class=\"elementor-widget-container\">\n\t\t\t\t\t<h2 class=\"elementor-heading-title elementor-size-default\">Una destinazione glamour da scoprire dal nostro hotel sul mare a Saint-Tropez<\/h2>\t\t\t\t<\/div>\n\t\t\t\t<\/div>\n\t\t\t\t<div class=\"elementor-element elementor-element-3255694 elementor-widget elementor-widget-text-editor\" data-id=\"3255694\" data-element_type=\"widget\" data-e-type=\"widget\" data-widget_type=\"text-editor.default\">\n\t\t\t\t<div class=\"elementor-widget-container\">\n\t\t\t\t\t\t\t\t\t<p><span style=\"font-weight: 400;\">Il nome dell'hotel le Mouillage riecheggia quello delle barche che attendono tranquille nel piccolo porto. Qui, un flusso costante di barche a vela, pescherecci e altri yacht va e viene per conquistare il mare aperto, offrendo uno spettacolo tanto eclettico quanto affascinante. Immersa nel Golfo di Saint-Tropez, questa citt\u00e0 autentica e incredibilmente ben conservata piacer\u00e0 agli amanti della cultura e della storia. Attraverso il labirinto di vicoli pittoreschi dell'emblematico quartiere La Ponche, scoprite tutto il carattere dell'antico villaggio di pescatori. Le case sono vestite di ocra e rosa per creare un quadro colorato tutto l'anno.\u00a0<\/span><\/p><p><span style=\"font-weight: 400;\">Vi state chiedendo dove vedere un bel tramonto a Saint-Tropez? Salite alla Citadelle, dove vi aspetta un panorama eccezionale sulla baia di Les Canebiers e sulla spiaggia di La Bouillabaisse. Alla fine della giornata, questo punto di osservazione arroccato sul mare rivela un mare di petrolio e oro, creando momenti che si tingono di magia.<\/span><\/p><p><span style=\"font-weight: 400;\">Al mercato locale, gli appassionati dell'arte di vivere provenzale possono abbandonarsi ai profumi e ai sapori della regione. \u00c8 un piacere vivere questi momenti con la famiglia e gli amici, a soli dieci minuti a piedi dal nostro hotel nel cuore della Provenza. <a href=\"https:\/\/www.hotelmouillage.fr\/it\/saint-tropez-soggiorno-saint-tropez\/\">Saint-Tropez<\/a> in riva al mare!<\/span><\/p>\t\t\t\t\t\t\t\t<\/div>\n\t\t\t\t<\/div>\n\t\t\t\t\t<\/div>\n\t\t<\/div>\n\t\t\t\t\t<\/div>\n\t\t<\/section>\n\t\t\t\t<section class=\"elementor-section elementor-inner-section elementor-element elementor-element-0b23527 elementor-section-height-min-height elementor-section-boxed elementor-section-height-default\" data-id=\"0b23527\" data-element_type=\"section\" data-e-type=\"section\" data-settings=\"{&quot;background_background&quot;:&quot;classic&quot;}\">\n\t\t\t\t\t\t\t<div class=\"elementor-background-overlay\"><\/div>\n\t\t\t\t\t\t\t<div class=\"elementor-container elementor-column-gap-default\">\n\t\t\t\t\t<div class=\"elementor-column elementor-col-100 elementor-inner-column elementor-element elementor-element-73b4ee9\" data-id=\"73b4ee9\" data-element_type=\"column\" data-e-type=\"column\">\n\t\t\t<div class=\"elementor-widget-wrap\">\n\t\t\t\t\t\t\t<\/div>\n\t\t<\/div>\n\t\t\t\t\t<\/div>\n\t\t<\/section>\n\t\t\t\t\t<\/div>\n\t\t<\/div>\n\t\t\t\t\t<\/div>\n\t\t<\/section>\n\t\t\t\t<section class=\"elementor-section elementor-top-section elementor-element elementor-element-4d54fe9 elementor-section-full_width elementor-section-height-default elementor-section-height-default\" data-id=\"4d54fe9\" data-element_type=\"section\" data-e-type=\"section\" data-settings=\"{&quot;background_background&quot;:&quot;classic&quot;}\">\n\t\t\t\t\t\t\t<div class=\"elementor-background-overlay\"><\/div>\n\t\t\t\t\t\t\t<div class=\"elementor-container elementor-column-gap-narrow\">\n\t\t\t\t\t<div class=\"elementor-column elementor-col-100 elementor-top-column elementor-element elementor-element-de54cb7\" data-id=\"de54cb7\" data-element_type=\"column\" data-e-type=\"column\">\n\t\t\t<div class=\"elementor-widget-wrap elementor-element-populated\">\n\t\t\t\t\t\t<section class=\"elementor-section elementor-inner-section elementor-element elementor-element-69a549f elementor-section-full_width elementor-section-height-default elementor-section-height-default\" data-id=\"69a549f\" data-element_type=\"section\" data-e-type=\"section\">\n\t\t\t\t\t\t<div class=\"elementor-container elementor-column-gap-default\">\n\t\t\t\t\t<div class=\"elementor-column elementor-col-33 elementor-inner-column elementor-element elementor-element-b8c9501\" data-id=\"b8c9501\" data-element_type=\"column\" data-e-type=\"column\">\n\t\t\t<div class=\"elementor-widget-wrap\">\n\t\t\t\t\t\t\t<\/div>\n\t\t<\/div>\n\t\t\t\t<div class=\"elementor-column elementor-col-33 elementor-inner-column elementor-element elementor-element-0df615a\" data-id=\"0df615a\" data-element_type=\"column\" data-e-type=\"column\">\n\t\t\t<div class=\"elementor-widget-wrap\">\n\t\t\t\t\t\t\t<\/div>\n\t\t<\/div>\n\t\t\t\t<div class=\"elementor-column elementor-col-33 elementor-inner-column elementor-element elementor-element-a067337\" data-id=\"a067337\" data-element_type=\"column\" data-e-type=\"column\">\n\t\t\t<div class=\"elementor-widget-wrap\">\n\t\t\t\t\t\t\t<\/div>\n\t\t<\/div>\n\t\t\t\t\t<\/div>\n\t\t<\/section>\n\t\t\t\t<div class=\"elementor-element elementor-element-0923c44 elementor-widget elementor-widget-heading\" data-id=\"0923c44\" data-element_type=\"widget\" data-e-type=\"widget\" data-widget_type=\"heading.default\">\n\t\t\t\t<div class=\"elementor-widget-container\">\n\t\t\t\t\t<h2 class=\"elementor-heading-title elementor-size-default\">Vedi anche<\/h2>\t\t\t\t<\/div>\n\t\t\t\t<\/div>\n\t\t\t\t<section class=\"elementor-section elementor-inner-section elementor-element elementor-element-575b2ba elementor-section-boxed elementor-section-height-default elementor-section-height-default\" data-id=\"575b2ba\" data-element_type=\"section\" data-e-type=\"section\">\n\t\t\t\t\t\t<div class=\"elementor-container elementor-column-gap-default\">\n\t\t\t\t\t<div class=\"elementor-column elementor-col-33 elementor-inner-column elementor-element elementor-element-5713d81\" data-id=\"5713d81\" data-element_type=\"column\" data-e-type=\"column\">\n\t\t\t<div class=\"elementor-widget-wrap elementor-element-populated\">\n\t\t\t\t\t\t<div class=\"elementor-element elementor-element-5ddba2b elementor-widget elementor-widget-image\" data-id=\"5ddba2b\" data-element_type=\"widget\" data-e-type=\"widget\" data-widget_type=\"image.default\">\n\t\t\t\t<div class=\"elementor-widget-container\">\n\t\t\t\t\t\t\t\t\t\t\t\t\t\t\t<img decoding=\"async\" width=\"2560\" height=\"1708\" src=\"https:\/\/www.hotelmouillage.fr\/wp-content\/uploads\/2023\/04\/L1000311-scaled.jpg\" class=\"attachment-full size-full wp-image-8080\" alt=\"Foto - Persona che fa surf - soggiorno a saint tropez\" srcset=\"https:\/\/www.hotelmouillage.fr\/wp-content\/uploads\/2023\/04\/L1000311-scaled.jpg 2560w, https:\/\/www.hotelmouillage.fr\/wp-content\/uploads\/2023\/04\/L1000311-300x200.jpg 300w, https:\/\/www.hotelmouillage.fr\/wp-content\/uploads\/2023\/04\/L1000311-1024x683.jpg 1024w, https:\/\/www.hotelmouillage.fr\/wp-content\/uploads\/2023\/04\/L1000311-768x513.jpg 768w, https:\/\/www.hotelmouillage.fr\/wp-content\/uploads\/2023\/04\/L1000311-1536x1025.jpg 1536w, https:\/\/www.hotelmouillage.fr\/wp-content\/uploads\/2023\/04\/L1000311-2048x1367.jpg 2048w, https:\/\/www.hotelmouillage.fr\/wp-content\/uploads\/2023\/04\/L1000311-18x12.jpg 18w\" sizes=\"(max-width: 2560px) 100vw, 2560px\" title=\"Foto -\">\t\t\t\t\t\t\t\t\t\t\t\t\t\t\t<\/div>\n\t\t\t\t<\/div>\n\t\t\t\t<div class=\"elementor-element elementor-element-6c8c34c elementor-widget elementor-widget-heading\" data-id=\"6c8c34c\" data-element_type=\"widget\" data-e-type=\"widget\" data-widget_type=\"heading.default\">\n\t\t\t\t<div class=\"elementor-widget-container\">\n\t\t\t\t\t<h3 class=\"elementor-heading-title elementor-size-default\">Attivit\u00e0 sportive in acqua<\/h3>\t\t\t\t<\/div>\n\t\t\t\t<\/div>\n\t\t\t\t<div class=\"elementor-element elementor-element-e17de3a elementor-widget elementor-widget-text-editor\" data-id=\"e17de3a\" data-element_type=\"widget\" data-e-type=\"widget\" data-widget_type=\"text-editor.default\">\n\t\t\t\t<div class=\"elementor-widget-container\">\n\t\t\t\t\t\t\t\t\t<p>Tra baie incantevoli e lunghe distese di sabbia bianca, avrete l'imbarazzo della scelta per il vostro piccolo angolo di paradiso.<\/p>\t\t\t\t\t\t\t\t<\/div>\n\t\t\t\t<\/div>\n\t\t\t\t<div class=\"elementor-element elementor-element-d03aa0b elementor-widget elementor-widget-button\" data-id=\"d03aa0b\" data-element_type=\"widget\" data-e-type=\"widget\" data-widget_type=\"button.default\">\n\t\t\t\t<div class=\"elementor-widget-container\">\n\t\t\t\t\t\t\t\t\t<div class=\"elementor-button-wrapper\">\n\t\t\t\t\t<a class=\"elementor-button elementor-button-link elementor-size-sm\" href=\"https:\/\/www.hotelmouillage.fr\/it\/saint-tropez-sejour-saint-tropez\/activites-nautiques-hotel-bord-de-mer-saint-tropez\/\">\n\t\t\t\t\t\t<span class=\"elementor-button-content-wrapper\">\n\t\t\t\t\t\t\t\t\t<span class=\"elementor-button-text\">Per saperne di pi\u00f9<\/span>\n\t\t\t\t\t<\/span>\n\t\t\t\t\t<\/a>\n\t\t\t\t<\/div>\n\t\t\t\t\t\t\t\t<\/div>\n\t\t\t\t<\/div>\n\t\t\t\t\t<\/div>\n\t\t<\/div>\n\t\t\t\t<div class=\"elementor-column elementor-col-33 elementor-inner-column elementor-element elementor-element-4895b0f\" data-id=\"4895b0f\" data-element_type=\"column\" data-e-type=\"column\">\n\t\t\t<div class=\"elementor-widget-wrap elementor-element-populated\">\n\t\t\t\t\t\t<div class=\"elementor-element elementor-element-125e731 elementor-widget elementor-widget-image\" data-id=\"125e731\" data-element_type=\"widget\" data-e-type=\"widget\" data-widget_type=\"image.default\">\n\t\t\t\t<div class=\"elementor-widget-container\">\n\t\t\t\t\t\t\t\t\t\t\t\t\t\t\t<img loading=\"lazy\" decoding=\"async\" width=\"2560\" height=\"1710\" src=\"https:\/\/www.hotelmouillage.fr\/wp-content\/uploads\/2023\/04\/L1002465-scaled.jpg\" class=\"attachment-full size-full wp-image-7953\" alt=\"Foto - Saint-Tropez di giorno\" srcset=\"https:\/\/www.hotelmouillage.fr\/wp-content\/uploads\/2023\/04\/L1002465-scaled.jpg 2560w, https:\/\/www.hotelmouillage.fr\/wp-content\/uploads\/2023\/04\/L1002465-300x200.jpg 300w, https:\/\/www.hotelmouillage.fr\/wp-content\/uploads\/2023\/04\/L1002465-1024x684.jpg 1024w, https:\/\/www.hotelmouillage.fr\/wp-content\/uploads\/2023\/04\/L1002465-768x513.jpg 768w, https:\/\/www.hotelmouillage.fr\/wp-content\/uploads\/2023\/04\/L1002465-1536x1026.jpg 1536w, https:\/\/www.hotelmouillage.fr\/wp-content\/uploads\/2023\/04\/L1002465-2048x1368.jpg 2048w, https:\/\/www.hotelmouillage.fr\/wp-content\/uploads\/2023\/04\/L1002465-18x12.jpg 18w\" sizes=\"(max-width: 2560px) 100vw, 2560px\" title=\"Foto -\">\t\t\t\t\t\t\t\t\t\t\t\t\t\t\t<\/div>\n\t\t\t\t<\/div>\n\t\t\t\t<div class=\"elementor-element elementor-element-ff23c54 elementor-widget elementor-widget-heading\" data-id=\"ff23c54\" data-element_type=\"widget\" data-e-type=\"widget\" data-widget_type=\"heading.default\">\n\t\t\t\t<div class=\"elementor-widget-container\">\n\t\t\t\t\t<h3 class=\"elementor-heading-title elementor-size-default\">I nostri indirizzi<\/h3>\t\t\t\t<\/div>\n\t\t\t\t<\/div>\n\t\t\t\t<div class=\"elementor-element elementor-element-5f498b6 elementor-widget elementor-widget-text-editor\" data-id=\"5f498b6\" data-element_type=\"widget\" data-e-type=\"widget\" data-widget_type=\"text-editor.default\">\n\t\t\t\t<div class=\"elementor-widget-container\">\n\t\t\t\t\t\t\t\t\t<p>Scoprite tutti i nostri indirizzi da scoprire a Saint-Tropez<\/p>\t\t\t\t\t\t\t\t<\/div>\n\t\t\t\t<\/div>\n\t\t\t\t<div class=\"elementor-element elementor-element-87e84c4 elementor-widget elementor-widget-button\" data-id=\"87e84c4\" data-element_type=\"widget\" data-e-type=\"widget\" data-widget_type=\"button.default\">\n\t\t\t\t<div class=\"elementor-widget-container\">\n\t\t\t\t\t\t\t\t\t<div class=\"elementor-button-wrapper\">\n\t\t\t\t\t<a class=\"elementor-button elementor-button-link elementor-size-sm\" href=\"https:\/\/www.hotelmouillage.fr\/it\/nos-adresses-tourisme-saint-tropez\/\">\n\t\t\t\t\t\t<span class=\"elementor-button-content-wrapper\">\n\t\t\t\t\t\t\t\t\t<span class=\"elementor-button-text\">Per saperne di pi\u00f9<\/span>\n\t\t\t\t\t<\/span>\n\t\t\t\t\t<\/a>\n\t\t\t\t<\/div>\n\t\t\t\t\t\t\t\t<\/div>\n\t\t\t\t<\/div>\n\t\t\t\t\t<\/div>\n\t\t<\/div>\n\t\t\t\t<div class=\"elementor-column elementor-col-33 elementor-inner-column elementor-element elementor-element-05882db\" data-id=\"05882db\" data-element_type=\"column\" data-e-type=\"column\">\n\t\t\t<div class=\"elementor-widget-wrap elementor-element-populated\">\n\t\t\t\t\t\t<div class=\"elementor-element elementor-element-ee5700d elementor-widget elementor-widget-image\" data-id=\"ee5700d\" data-element_type=\"widget\" data-e-type=\"widget\" data-widget_type=\"image.default\">\n\t\t\t\t<div class=\"elementor-widget-container\">\n\t\t\t\t\t\t\t\t\t\t\t\t\t\t\t<img loading=\"lazy\" decoding=\"async\" width=\"2560\" height=\"1708\" src=\"https:\/\/www.hotelmouillage.fr\/wp-content\/uploads\/2023\/04\/arriere-mouillage-scaled.jpg\" class=\"attachment-full size-full wp-image-7919\" alt=\"Foto - Vista posteriore dell&#039;ancoraggio\" srcset=\"https:\/\/www.hotelmouillage.fr\/wp-content\/uploads\/2023\/04\/arriere-mouillage-scaled.jpg 2560w, https:\/\/www.hotelmouillage.fr\/wp-content\/uploads\/2023\/04\/arriere-mouillage-300x200.jpg 300w, https:\/\/www.hotelmouillage.fr\/wp-content\/uploads\/2023\/04\/arriere-mouillage-1024x683.jpg 1024w, https:\/\/www.hotelmouillage.fr\/wp-content\/uploads\/2023\/04\/arriere-mouillage-768x513.jpg 768w, https:\/\/www.hotelmouillage.fr\/wp-content\/uploads\/2023\/04\/arriere-mouillage-1536x1025.jpg 1536w, https:\/\/www.hotelmouillage.fr\/wp-content\/uploads\/2023\/04\/arriere-mouillage-2048x1367.jpg 2048w, https:\/\/www.hotelmouillage.fr\/wp-content\/uploads\/2023\/04\/arriere-mouillage-18x12.jpg 18w\" sizes=\"(max-width: 2560px) 100vw, 2560px\" title=\"Foto -\">\t\t\t\t\t\t\t\t\t\t\t\t\t\t\t<\/div>\n\t\t\t\t<\/div>\n\t\t\t\t<div class=\"elementor-element elementor-element-03ecb3d elementor-widget elementor-widget-heading\" data-id=\"03ecb3d\" data-element_type=\"widget\" data-e-type=\"widget\" data-widget_type=\"heading.default\">\n\t\t\t\t<div class=\"elementor-widget-container\">\n\t\t\t\t\t<h3 class=\"elementor-heading-title elementor-size-default\">Galleria fotografica<\/h3>\t\t\t\t<\/div>\n\t\t\t\t<\/div>\n\t\t\t\t<div class=\"elementor-element elementor-element-252bed9 elementor-widget elementor-widget-text-editor\" data-id=\"252bed9\" data-element_type=\"widget\" data-e-type=\"widget\" data-widget_type=\"text-editor.default\">\n\t\t\t\t<div class=\"elementor-widget-container\">\n\t\t\t\t\t\t\t\t\t<div class=\"elementor-element elementor-element-54a09a9 elementor-widget elementor-widget-text-editor\" data-id=\"54a09a9\" data-element_type=\"widget\" data-widget_type=\"text-editor.default\"><div class=\"elementor-widget-container\"><div class=\"elementor-text-editor elementor-clearfix\"><p>Tutte le foto del nostro hotel e dei dintorni<\/p><\/div><\/div><\/div><div class=\"elementor-element elementor-element-583a126 elementor-widget elementor-widget-button\" data-id=\"583a126\" data-element_type=\"widget\" data-widget_type=\"button.default\"><div class=\"elementor-widget-container\"><div class=\"elementor-button-wrapper\">\u00a0<\/div><\/div><\/div>\t\t\t\t\t\t\t\t<\/div>\n\t\t\t\t<\/div>\n\t\t\t\t<div class=\"elementor-element elementor-element-8e54395 elementor-widget elementor-widget-button\" data-id=\"8e54395\" data-element_type=\"widget\" data-e-type=\"widget\" data-widget_type=\"button.default\">\n\t\t\t\t<div class=\"elementor-widget-container\">\n\t\t\t\t\t\t\t\t\t<div class=\"elementor-button-wrapper\">\n\t\t\t\t\t<a class=\"elementor-button elementor-button-link elementor-size-sm\" href=\"https:\/\/www.hotelmouillage.fr\/it\/galerie-photos\/\">\n\t\t\t\t\t\t<span class=\"elementor-button-content-wrapper\">\n\t\t\t\t\t\t\t\t\t<span class=\"elementor-button-text\">Per saperne di pi\u00f9<\/span>\n\t\t\t\t\t<\/span>\n\t\t\t\t\t<\/a>\n\t\t\t\t<\/div>\n\t\t\t\t\t\t\t\t<\/div>\n\t\t\t\t<\/div>\n\t\t\t\t\t<\/div>\n\t\t<\/div>\n\t\t\t\t\t<\/div>\n\t\t<\/section>\n\t\t\t\t\t<\/div>\n\t\t<\/div>\n\t\t\t\t\t<\/div>\n\t\t<\/section>\n\t\t\t\t<\/div>","protected":false},"excerpt":{"rendered":"<p>H\u00f4tel Saint-Tropez bord de mer S\u00e9jour les pieds dans l\u2019eau \u00e0 l\u2019h\u00f4tel le Mouillage \u00e0 Saint-Tropez Un parfum de Provence et de tranquillit\u00e9 flotte au sein du Mouillage, votre h\u00f4tel de charme \u00e0 Saint-Tropez. L\u2019\u00e9tablissement, situ\u00e9 au c\u0153ur du village mythique, sait en effet retranscrire \u00e0 merveille la douceur de vivre du sud de la [&hellip;]<\/p>\n","protected":false},"author":8,"featured_media":2493,"parent":368,"menu_order":0,"comment_status":"closed","ping_status":"closed","template":"","meta":{"_acf_changed":false,"inline_featured_image":false,"footnotes":""},"class_list":["post-8887","page","type-page","status-publish","has-post-thumbnail","hentry"],"acf":[],"_links":{"self":[{"href":"https:\/\/www.hotelmouillage.fr\/it\/wp-json\/wp\/v2\/pages\/8887","targetHints":{"allow":["GET"]}}],"collection":[{"href":"https:\/\/www.hotelmouillage.fr\/it\/wp-json\/wp\/v2\/pages"}],"about":[{"href":"https:\/\/www.hotelmouillage.fr\/it\/wp-json\/wp\/v2\/types\/page"}],"author":[{"embeddable":true,"href":"https:\/\/www.hotelmouillage.fr\/it\/wp-json\/wp\/v2\/users\/8"}],"replies":[{"embeddable":true,"href":"https:\/\/www.hotelmouillage.fr\/it\/wp-json\/wp\/v2\/comments?post=8887"}],"version-history":[{"count":20,"href":"https:\/\/www.hotelmouillage.fr\/it\/wp-json\/wp\/v2\/pages\/8887\/revisions"}],"predecessor-version":[{"id":9095,"href":"https:\/\/www.hotelmouillage.fr\/it\/wp-json\/wp\/v2\/pages\/8887\/revisions\/9095"}],"up":[{"embeddable":true,"href":"https:\/\/www.hotelmouillage.fr\/it\/wp-json\/wp\/v2\/pages\/368"}],"wp:featuredmedia":[{"embeddable":true,"href":"https:\/\/www.hotelmouillage.fr\/it\/wp-json\/wp\/v2\/media\/2493"}],"wp:attachment":[{"href":"https:\/\/www.hotelmouillage.fr\/it\/wp-json\/wp\/v2\/media?parent=8887"}],"curies":[{"name":"wp","href":"https:\/\/api.w.org\/{rel}","templated":true}]}}